{"id":8083,"date":"2020-04-10T10:58:13","date_gmt":"2020-04-10T10:58:13","guid":{"rendered":"https:\/\/evotek.md\/?post_type=product&#038;p=8083"},"modified":"2021-09-27T14:37:13","modified_gmt":"2021-09-27T14:37:13","slug":"tel-cu-maner-din-plastic-250-mm-st-313250","status":"publish","type":"product","link":"https:\/\/evotek.md\/ro\/produse\/accesorii-si-inventar-bucatarie\/tel\/tel-cu-maner-din-plastic-250-mm-st-313250\/","title":{"rendered":"TEL CU M\u00c2NER DIN PLASTIC 450 mm -ST-313450"},"content":{"rendered":"<p><strong>TEL CU M\u00c2NER DIN PLASTIC 4<\/strong><strong>50 <\/strong><strong>mm -ST-313450- <\/strong>Pentru a ob\u021bine produse de calitate \u00eenalt\u0103, este necesar s\u0103 folosi\u021bi tel de cofet\u0103rie de \u00eenalt\u0103 calitate de la produc\u0103torii mondiali. Tel pentru amestecare, din inox cu m\u00e2ner din plastic cu lungimea de 250 mm.<\/p>\n","protected":false},"excerpt":{"rendered":"<p>Tel pentru amestecare, din inox cu m\u00e2ner din plastic cu lungimea de 450 mm.<\/p>\n","protected":false},"featured_media":8079,"template":"","meta":[],"_links":{"self":[{"href":"https:\/\/evotek.md\/ro\/wp-json\/wp\/v2\/product\/8083"}],"collection":[{"href":"https:\/\/evotek.md\/ro\/wp-json\/wp\/v2\/product"}],"about":[{"href":"https:\/\/evotek.md\/ro\/wp-json\/wp\/v2\/types\/product"}],"wp:featuredmedia":[{"embeddable":true,"href":"https:\/\/evotek.md\/ro\/wp-json\/wp\/v2\/media\/8079"}],"wp:attachment":[{"href":"https:\/\/evotek.md\/ro\/wp-json\/wp\/v2\/media?parent=8083"}],"curies":[{"name":"wp","href":"https:\/\/api.w.org\/{rel}","templated":true}]}}