{"id":8053,"date":"2020-04-09T22:12:16","date_gmt":"2020-04-09T22:12:55","guid":{"rendered":"https:\/\/evotek.md\/?post_type=product&#038;p=8053"},"modified":"2024-07-17T07:01:19","modified_gmt":"2024-07-17T07:01:19","slug":"vitrina-frigorifica-pentru-bauturi-700-l-m-09404025","status":"publish","type":"product","link":"https:\/\/evotek.md\/ro\/produse\/echipamente-frigorifice\/dulapuri-frigorifice-pentru-bar\/vitrina-frigorifica-pentru-bauturi-700-l-m-09404025\/","title":{"rendered":"DULAP FRIGORIFIC PENTRU BAR 2 USI 700 L -M-09404025"},"content":{"rendered":"<p><strong>DULAP FRIGORIFIC PENTRU BAR 2 USI 700 L -M-09404025- <\/strong>echipament necesar pentru cafenele, brut\u0103rii, supermarketuri \u0219i alte \u00eentreprinderi de alimenta\u021bie public\u0103 \u0219i comer\u021b. Acestea permit crearea condi\u021biilor optime pentru demonstrarea pre-v\u00e2nzare \u0219i depozitarea b\u0103uturilor refrigerate.<\/p>\n<p>Ideal pentru sticle \u0219i gust\u0103ri. Echipat cu dou\u0103 u\u0219i batante cu geam termopan \u0219i un controler digital de temperatur\u0103.<\/p>\n<p>Caracteristici<br \/>\nAgent frigorific: R600a \/ CFC-free<br \/>\nTemperatur\u0103: 0 \u00b0 la + 10 \u00b0 Celsius<br \/>\nConexiune: 230 V \/ 50 Hz \/ monofazat 680 W<br \/>\nGreutate: 115 kg<br \/>\nGreutate neta: 121,5 kg<br \/>\nCapacitate: 700 l<br \/>\nDimensiuni interioare(LaxAdx\u00cen): 1019x409x1453 mm<br \/>\nDimensiuni exterioare(LaxAdx\u00cen): 1120x585x1900 cm<\/p>\n<p>&nbsp;<\/p>\n","protected":false},"excerpt":{"rendered":"<p>Vitrin\u0103 frigorific\u0103 pentru b\u0103uturi cu o capacitate de 700 litri. Agent frigorific: R600a \/ CFC-free; Temperatur\u0103: 0 \u00b0 la + 10 \u00b0 Celsius; Conexiune: 230 V \/ 50 Hz \/ monofazat 680 W; Greutate: 115 kg; Greutate neta: 121,5 kg; Capacitate: 700 l; Dimensiuni interioare(LaxAdx\u00cen): 1019x409x1453 mm; Dimensiuni exterioare(LaxAdx\u00cen): 1120x585x1900 cm.<\/p>\n","protected":false},"featured_media":8046,"template":"","meta":[],"_links":{"self":[{"href":"https:\/\/evotek.md\/ro\/wp-json\/wp\/v2\/product\/8053"}],"collection":[{"href":"https:\/\/evotek.md\/ro\/wp-json\/wp\/v2\/product"}],"about":[{"href":"https:\/\/evotek.md\/ro\/wp-json\/wp\/v2\/types\/product"}],"wp:featuredmedia":[{"embeddable":true,"href":"https:\/\/evotek.md\/ro\/wp-json\/wp\/v2\/media\/8046"}],"wp:attachment":[{"href":"https:\/\/evotek.md\/ro\/wp-json\/wp\/v2\/media?parent=8053"}],"curies":[{"name":"wp","href":"https:\/\/api.w.org\/{rel}","templated":true}]}}