{"id":8042,"date":"2020-04-09T22:05:36","date_gmt":"2020-04-09T22:06:18","guid":{"rendered":"https:\/\/evotek.md\/?post_type=product&#038;p=8042"},"modified":"2023-01-30T15:59:41","modified_gmt":"2023-01-30T15:59:41","slug":"vitrina-frigorifica-pentru-bauturi-360-l-m-09404020","status":"publish","type":"product","link":"https:\/\/evotek.md\/ro\/produse\/echipamente-frigorifice\/dulapuri-frigorifice-pentru-bar\/vitrina-frigorifica-pentru-bauturi-360-l-m-09404020\/","title":{"rendered":"DULAP FRIGORIFIC PENTRU BAR 1 USA 360 L M-09404020"},"content":{"rendered":"<p><strong>DULAP FRIGORIFIC PENTRU BAR 1 USA 360 L M-09404020- <\/strong>echipament necesar pentru cafenele, brut\u0103rii, supermarketuri \u0219i alte \u00eentreprinderi de alimenta\u021bie public\u0103 \u0219i comer\u021b. Acestea permit crearea condi\u021biilor optime pentru demonstrarea pre-v\u00e2nzare \u0219i depozitarea b\u0103uturilor refrigerate.<\/p>\n<p>Ideal pentru sticle \u0219i gust\u0103ri. Echipat cu o u\u0219\u0103 batant\u0103 cu geam termopan \u0219i un controler digital de temperatur\u0103.<\/p>\n<p>Caracteristici<\/p>\n<p>Agent frigorific: R600a \/ CFC-free<\/p>\n<p>Temperatur\u0103: 0 \u00b0 la + 10 \u00b0 Celsius<\/p>\n<p>Capacitate: 360 L<\/p>\n<p>Greutate net\u0103: 78 kg<\/p>\n<p>Dimensiuni externe: 605x578x1980 mm<\/p>\n<p>Conexiune: 230 V \/ 50 Hz \/ 1 faz\u0103 205 W<\/p>\n<p>&nbsp;<\/p>\n<p>&nbsp;<\/p>\n","protected":false},"excerpt":{"rendered":"<p>Vitrin\u0103 frigorific\u0103 pentru b\u0103uturi cu o capacitate de 360 litri. Agent frigorific: R600a\/CFC-free; Temperatura: de la 0 \u00b0 la + 10 \u00b0 Celsius; Greutate net\u0103: 78 kg; Dimensiuni externe: 605x578x1980 mm; Conexiune: 230 V \/ 50 Hz \/ 1 faz\u0103 205 W.<\/p>\n","protected":false},"featured_media":8035,"template":"","meta":[],"_links":{"self":[{"href":"https:\/\/evotek.md\/ro\/wp-json\/wp\/v2\/product\/8042"}],"collection":[{"href":"https:\/\/evotek.md\/ro\/wp-json\/wp\/v2\/product"}],"about":[{"href":"https:\/\/evotek.md\/ro\/wp-json\/wp\/v2\/types\/product"}],"wp:featuredmedia":[{"embeddable":true,"href":"https:\/\/evotek.md\/ro\/wp-json\/wp\/v2\/media\/8035"}],"wp:attachment":[{"href":"https:\/\/evotek.md\/ro\/wp-json\/wp\/v2\/media?parent=8042"}],"curies":[{"name":"wp","href":"https:\/\/api.w.org\/{rel}","templated":true}]}}