{"id":8020,"date":"2020-04-09T21:51:34","date_gmt":"2020-04-09T21:52:18","guid":{"rendered":"https:\/\/evotek.md\/?post_type=product&#038;p=8020"},"modified":"2023-01-30T16:00:54","modified_gmt":"2023-01-30T16:00:54","slug":"vitrina-frigorifica-pentru-bauturi-50-l-m-09404000","status":"publish","type":"product","link":"https:\/\/evotek.md\/ro\/produse\/echipamente-frigorifice\/dulapuri-frigorifice-pentru-bar\/vitrina-frigorifica-pentru-bauturi-50-l-m-09404000\/","title":{"rendered":"DULAP FRIGORIFIC PENTRU BAR 1 USA 50 L M-09404000"},"content":{"rendered":"<p><strong>DULAP FRIGORIFIC PENTRU BAR 1 USA 50 L M-09404000- <\/strong>echipament necesar pentru cafenele, brut\u0103rii, supermarketuri \u0219i alte \u00eentreprinderi de alimenta\u021bie public\u0103 \u0219i comer\u021b. Acestea permit crearea condi\u021biilor optime pentru demonstrarea pre-v\u00e2nzare \u0219i depozitarea b\u0103uturilor refrigerate.<\/p>\n<p>Ideal pentru sticle \u0219i gust\u0103ri. Echipat cu o u\u0219\u0103 batant\u0103 cu geam termopan \u0219i un controler digital de temperatur\u0103.<\/p>\n<p>Caracteristici<br \/>\nFrigider profesional cu o capacitate de 50 litri.<br \/>\nIdeal pentru sticle, borcane \u0219i gust\u0103ri<br \/>\nDotat cu 1 usa<br \/>\nusa cu geam termopan<br \/>\nUsa este echipata cu incuietoare<br \/>\nCu 2 grile reglabile din otel inoxidabil<br \/>\nSistem de racire cu ventilator<br \/>\nIluminare LED in interior<br \/>\nDisplay cu iluminare din spate pentru publicitate<br \/>\nAgent frigorific R600a \/ fara CFC<br \/>\nTemperatura de la 0\u00b0 la +10\u00b0 Celsius<br \/>\nTemperatura ambientala maxima 32\u00b0C<br \/>\nPicioare reglabile<br \/>\nCapacitate: 50 l<br \/>\nGreutate neta: 25 kg<br \/>\nDimensiuni interioare: L340 x D330 x H500 mm<br \/>\nDimensiuni exterioare: L460 x D426 x H805 mm<br \/>\nConexiune: 230 V \/ 50 Hz \/ 1 faza 120 W<\/p>\n<p>&nbsp;<\/p>\n","protected":false},"excerpt":{"rendered":"<p>Vitrin\u0103 frigorific\u0103 pentru b\u0103uturi cu o capacitate de 50 litri. Agent frigorific: R600a\/CFC-free; Temperatura: de la 0 \u00b0 la + 10 \u00b0 Celsius; Greutate net\u0103: 25 kg; Dimensiuni externe: 460x426x805 mm; Conexiune: 230 V\/50 Hz\/1 faz\u0103.<\/p>\n","protected":false},"featured_media":8007,"template":"","meta":[],"_links":{"self":[{"href":"https:\/\/evotek.md\/ro\/wp-json\/wp\/v2\/product\/8020"}],"collection":[{"href":"https:\/\/evotek.md\/ro\/wp-json\/wp\/v2\/product"}],"about":[{"href":"https:\/\/evotek.md\/ro\/wp-json\/wp\/v2\/types\/product"}],"wp:featuredmedia":[{"embeddable":true,"href":"https:\/\/evotek.md\/ro\/wp-json\/wp\/v2\/media\/8007"}],"wp:attachment":[{"href":"https:\/\/evotek.md\/ro\/wp-json\/wp\/v2\/media?parent=8020"}],"curies":[{"name":"wp","href":"https:\/\/api.w.org\/{rel}","templated":true}]}}