{"id":8003,"date":"2020-04-09T21:35:21","date_gmt":"2020-04-09T21:35:57","guid":{"rendered":"https:\/\/evotek.md\/?post_type=product&#038;p=8003"},"modified":"2023-01-30T16:03:20","modified_gmt":"2023-01-30T16:03:20","slug":"vitrina-frigorifica-pentru-bauturi-bcu-2-m-09400922","status":"publish","type":"product","link":"https:\/\/evotek.md\/ro\/produse\/echipamente-frigorifice\/dulapuri-frigorifice-pentru-bar\/vitrina-frigorifica-pentru-bauturi-bcu-2-m-09400922\/","title":{"rendered":"DULAP FRIGORIFIC PENTRU BAR 2 USI 466 L M- 09400922"},"content":{"rendered":"<p><strong>DULAP FRIGORIFIC PENTRU BAR 2 USI 466 L M- 09400922- <\/strong>echipament necesar pentru cafenele, brut\u0103rii, supermarketuri \u0219i alte \u00eentreprinderi de alimenta\u021bie public\u0103 \u0219i comer\u021b. Acestea permit crearea condi\u021biilor optime pentru demonstrarea pre-v\u00e2nzare \u0219i depozitarea b\u0103uturilor refrigerate.<\/p>\n<p>Ideal pentru sticle \u0219i gust\u0103ri. Echipat cu 2 u\u0219i batante cu geam termopan \u0219i un controler digital de temperatur\u0103.<\/p>\n<p>Caracteristici<\/p>\n<p>Agent frigorific: R920a \/ CFC-free<\/p>\n<p>Temperatur\u0103: 0 \u00b0 la + 12 \u00b0 Celsius<\/p>\n<p>Capacitate: 466 L<\/p>\n<p>Greutate net\u0103: 140 kg<\/p>\n<p>Dimensiuni interne: 856x433x1472 mm<\/p>\n<p>Dimensiuni externe: 920x515x1800 mm<\/p>\n<p>Conexiune: 230 V \/ 50 Hz \/ 1 faz\u0103 418 W<\/p>\n<p>&nbsp;<\/p>\n","protected":false},"excerpt":{"rendered":"<p>Vitrin\u0103 frigorific\u0103 pentru b\u0103uturi cu o capacitate de 466 litri. Agent frigorific: R920a\/CFC-free; Temperatura: de la 0 \u00b0 la + 12 \u00b0 Celsius; Greutate net\u0103: 140 kg; Dimensiuni interne: 856x433x1472 mm; Dimensiuni externe: 920x515x1800 mm; Conexiune: 230 V\/50 Hz\/1 faz\u0103 418 W.<\/p>\n","protected":false},"featured_media":7996,"template":"","meta":[],"_links":{"self":[{"href":"https:\/\/evotek.md\/ro\/wp-json\/wp\/v2\/product\/8003"}],"collection":[{"href":"https:\/\/evotek.md\/ro\/wp-json\/wp\/v2\/product"}],"about":[{"href":"https:\/\/evotek.md\/ro\/wp-json\/wp\/v2\/types\/product"}],"wp:featuredmedia":[{"embeddable":true,"href":"https:\/\/evotek.md\/ro\/wp-json\/wp\/v2\/media\/7996"}],"wp:attachment":[{"href":"https:\/\/evotek.md\/ro\/wp-json\/wp\/v2\/media?parent=8003"}],"curies":[{"name":"wp","href":"https:\/\/api.w.org\/{rel}","templated":true}]}}