{"id":7966,"date":"2020-04-09T21:04:39","date_gmt":"2020-04-09T21:05:35","guid":{"rendered":"https:\/\/evotek.md\/?post_type=product&#038;p=7966"},"modified":"2023-01-30T15:54:45","modified_gmt":"2023-01-30T15:54:45","slug":"vitrina-frigorifica-pentru-bauturi-bcs-2-m-09400915","status":"publish","type":"product","link":"https:\/\/evotek.md\/ro\/produse\/echipamente-frigorifice\/dulapuri-frigorifice-pentru-bar\/vitrina-frigorifica-pentru-bauturi-bcs-2-m-09400915\/","title":{"rendered":"DULAP FRIGORIFIC PENTRU BAR 2 USI GLISANTE 227 L M-09400915"},"content":{"rendered":"<p><strong>DULAP FRIGORIFIC PENTRU BAR 2 USI GLISANTE 227 L M-09400915- <\/strong>echipament necesar pentru cafenele, brut\u0103rii, supermarketuri \u0219i alte \u00eentreprinderi de alimenta\u021bie public\u0103 \u0219i comer\u021b. Acestea permit crearea condi\u021biilor optime pentru demonstrarea pre-v\u00e2nzare \u0219i depozitarea b\u0103uturilor refrigerate.<\/p>\n<p>Ideal pentru sticle \u0219i gust\u0103ri. Echipat cu 2 u\u0219i glisante cu geam termopan \u0219i un controler digital de temperatur\u0103.<\/p>\n<p>Caracteristici<br \/>\nAgent frigorific: R600a \/ CFC-free<br \/>\nTemperatur\u0103: 0 \u00b0 la + 12 \u00b0 Celsius<br \/>\nCapacitate: 227 L<br \/>\nGreutate net\u0103: 62 kg<br \/>\nDimensiuni interioare: L856 x A370 x \u00ce620 mm<br \/>\nDimensiuni exterioare: L920 x A515 x \u00ce850 mm<br \/>\nConexiune: 230 V \/ 50 Hz \/ 1 faz\u0103 200 W<\/p>\n<p>&nbsp;<\/p>\n<p>&nbsp;<\/p>\n","protected":false},"excerpt":{"rendered":"<p>Vitrin\u0103 frigorific\u0103 pentru b\u0103uturi cu o capacitate de 227 litri. Agent frigorific: R600a\/CFC-free; Temperatura: de la 0 \u00b0 la + 12 \u00b0 Celsius; Greutate net\u0103: 62 kg; Dimensiuni interioare: L856 x A370 x \u00ce620 mm; Dimensiuni exterioare: L920 x A515 x \u00ce850 mm; Conexiune: 230 V\/50 Hz\/1 faz\u0103 200 W.<\/p>\n","protected":false},"featured_media":7959,"template":"","meta":[],"_links":{"self":[{"href":"https:\/\/evotek.md\/ro\/wp-json\/wp\/v2\/product\/7966"}],"collection":[{"href":"https:\/\/evotek.md\/ro\/wp-json\/wp\/v2\/product"}],"about":[{"href":"https:\/\/evotek.md\/ro\/wp-json\/wp\/v2\/types\/product"}],"wp:featuredmedia":[{"embeddable":true,"href":"https:\/\/evotek.md\/ro\/wp-json\/wp\/v2\/media\/7959"}],"wp:attachment":[{"href":"https:\/\/evotek.md\/ro\/wp-json\/wp\/v2\/media?parent=7966"}],"curies":[{"name":"wp","href":"https:\/\/api.w.org\/{rel}","templated":true}]}}