{"id":7955,"date":"2020-04-09T20:56:26","date_gmt":"2020-04-09T20:57:15","guid":{"rendered":"https:\/\/evotek.md\/?post_type=product&#038;p=7955"},"modified":"2023-01-30T15:54:56","modified_gmt":"2023-01-30T15:54:56","slug":"vitrina-frigorifica-pentru-bauturi-bc-3-m-09400910","status":"publish","type":"product","link":"https:\/\/evotek.md\/ro\/produse\/echipamente-frigorifice\/dulapuri-frigorifice-pentru-bar\/vitrina-frigorifica-pentru-bauturi-bc-3-m-09400910\/","title":{"rendered":"DULAP FRIGORIFIC PENTRU BAR 3 USI BATANTE 341 L -M-09400910"},"content":{"rendered":"<p><strong>DULAP FRIGORIFIC PENTRU BAR 3 USI BATANTE 341 L -M-09400910- <\/strong>echipament necesar pentru cafenele, brut\u0103rii, supermarketuri \u0219i alte \u00eentreprinderi de alimenta\u021bie public\u0103 \u0219i comer\u021b. Acestea permit crearea condi\u021biilor optime pentru demonstrarea pre-v\u00e2nzare \u0219i depozitarea b\u0103uturilor refrigerate.<\/p>\n<p>Ideal pentru sticle \u0219i gust\u0103ri. Echipat cu 3 u\u0219i batante cu geam termopan \u0219i un controler digital de temperatur\u0103.<\/p>\n<p>Caracteristici<\/p>\n<p>Agent frigorific: R600a \/ CFC-free<\/p>\n<p>Temperatur\u0103: 0 \u00b0 la + 12 \u00b0 Celsius<\/p>\n<p>Capacitate: 341 L<\/p>\n<p>Greutate net\u0103: 123 kg<\/p>\n<p>Dimensiuni interne: 1286x433x660 mm<\/p>\n<p>Dimensiuni externe: 1350x515x850 mm<\/p>\n<p>Conexiune: 230 V \/ 50 Hz \/ 1 faz\u0103 250 W<\/p>\n<p>&nbsp;<\/p>\n<p>&nbsp;<\/p>\n","protected":false},"excerpt":{"rendered":"<p>Vitrin\u0103 frigorific\u0103 pentru b\u0103uturi cu o capacitate de 341 litri. Agent frigorific: R600a\/CFC-free; Temperatura: de la 0 \u00b0 la + 12 \u00b0 Celsius; Greutate net\u0103: 123 kg; Dimensiuni interne: 1286x433x660 mm; Dimensiuni externe: 1350x515x850 mm; Conexiune: 230 V\/50 Hz\/1 faz\u0103 250 W.<\/p>\n","protected":false},"featured_media":7948,"template":"","meta":[],"_links":{"self":[{"href":"https:\/\/evotek.md\/ro\/wp-json\/wp\/v2\/product\/7955"}],"collection":[{"href":"https:\/\/evotek.md\/ro\/wp-json\/wp\/v2\/product"}],"about":[{"href":"https:\/\/evotek.md\/ro\/wp-json\/wp\/v2\/types\/product"}],"wp:featuredmedia":[{"embeddable":true,"href":"https:\/\/evotek.md\/ro\/wp-json\/wp\/v2\/media\/7948"}],"wp:attachment":[{"href":"https:\/\/evotek.md\/ro\/wp-json\/wp\/v2\/media?parent=7955"}],"curies":[{"name":"wp","href":"https:\/\/api.w.org\/{rel}","templated":true}]}}