{"id":7910,"date":"2020-04-09T16:03:22","date_gmt":"2020-04-09T16:03:22","guid":{"rendered":"https:\/\/evotek.md\/?post_type=product&#038;p=7910"},"modified":"2021-01-25T13:47:45","modified_gmt":"2021-01-25T13:47:45","slug":"masina-de-produs-gheata-zdrobita-m-ice-85-m-09300138","status":"publish","type":"product","link":"https:\/\/evotek.md\/ro\/produse\/echipamente-pentru-bar-si-cafea\/masina-de-produs-gheata-2-echipamente-pentru-bar-si-cafea\/masina-de-produs-gheata-zdrobita-m-ice-85-m-09300138\/","title":{"rendered":"\u00a0MA\u0218IN\u0102 DE PRODUS GHEA\u021a\u0102 ZDROBIT\u0102 -M-ICE 85 \/M-09300138"},"content":{"rendered":"<p><strong>\u00a0MA\u0218IN\u0102 DE PRODUS GHEA\u021a\u0102 ZDROBIT\u0102 <\/strong><strong>-M-ICE 85 \/M-09300138- <\/strong>Ma\u0219ina de produs ghea\u021b\u0103 zdrobit\u0103 este u\u0219or de instalat. Astfel, nu necesit\u0103 mult timp pentru instalare. Cu aceast\u0103 ma\u0219in\u0103 v\u0103 pute\u021bi bucura rapid de o b\u0103utur\u0103 r\u0103coroas\u0103. Un alt avantaj al acestei ma\u0219ini pentru zdrobirea ghe\u021bii este c\u0103 se cur\u0103\u021b\u0103 foarte u\u0219or. Datorit\u0103 picioarelor reglabile pute\u021bi seta \u00een\u0103l\u021bimea dorit\u0103.<\/p>\n<p>Caracteristici<\/p>\n<p>Carcasa \u0219i u\u0219a din inox<\/p>\n<p>Dimensiuni: 398\u0445510\u0445832 mm<\/p>\n<p>Capacitate: 20 kg<\/p>\n<p>Produc\u021bie: 85 kg pe zi<\/p>\n<p>Sistem eficient de r\u0103cire cu R134a<\/p>\n<p>Racord: 230 V\/50 Hz\/1 faz\u0103 470 W<\/p>\n<p>Greutate net\u0103: 46 kg<\/p>\n<p>&nbsp;<\/p>\n","protected":false},"excerpt":{"rendered":"<p>Ma\u0219in\u0103 de produs chea\u021b\u0103 zdrobit\u0103 cu o capacitate de 85 kg \u00een 24 h. Carcasa \u0219i u\u0219a din inox; Dimensiuni: 398\u0445510\u0445832 mm; Capacitate: 20 kg; Sistem eficient de r\u0103cire cu R134a; Racord: 230 V\/50 Hz\/1 faz\u0103 470 W; Greutate net\u0103: 46 kg.<\/p>\n","protected":false},"featured_media":7901,"template":"","meta":[],"_links":{"self":[{"href":"https:\/\/evotek.md\/ro\/wp-json\/wp\/v2\/product\/7910"}],"collection":[{"href":"https:\/\/evotek.md\/ro\/wp-json\/wp\/v2\/product"}],"about":[{"href":"https:\/\/evotek.md\/ro\/wp-json\/wp\/v2\/types\/product"}],"wp:featuredmedia":[{"embeddable":true,"href":"https:\/\/evotek.md\/ro\/wp-json\/wp\/v2\/media\/7901"}],"wp:attachment":[{"href":"https:\/\/evotek.md\/ro\/wp-json\/wp\/v2\/media?parent=7910"}],"curies":[{"name":"wp","href":"https:\/\/api.w.org\/{rel}","templated":true}]}}