{"id":7897,"date":"2020-04-09T15:47:42","date_gmt":"2020-04-09T15:47:42","guid":{"rendered":"https:\/\/evotek.md\/?post_type=product&#038;p=7897"},"modified":"2021-01-29T11:01:07","modified_gmt":"2021-01-29T11:01:07","slug":"masina-de-produs-gheata-zdrobita-m-ice-50-m-09300137","status":"publish","type":"product","link":"https:\/\/evotek.md\/ro\/produse\/echipamente-pentru-bar-si-cafea\/masina-de-produs-gheata-2-echipamente-pentru-bar-si-cafea\/masina-de-produs-gheata-zdrobita-m-ice-50-m-09300137\/","title":{"rendered":"MA\u0218IN\u0102 DE PRODUS GHEA\u021a\u0102 ZDROBIT\u0102 -M-ICE FLAKE 30 \/M-09300146"},"content":{"rendered":"<p><strong>MA\u0218IN\u0102 DE PRODUS GHEA\u021a\u0102 ZDROBIT\u0102 -M-ICE FLAKE 30 \/M-09300146- <\/strong>Ma\u0219ina de produs ghea\u021b\u0103 zdrobit\u0103 este u\u0219or de instalat. Astfel, nu necesit\u0103 mult timp pentru instalare. Cu aceast\u0103 ma\u0219in\u0103 v\u0103 pute\u021bi bucura rapid de o b\u0103utur\u0103 r\u0103coroas\u0103. Un alt avantaj al acestei ma\u0219ini pentru zdrobirea ghe\u021bii este c\u0103 se cur\u0103\u021b\u0103 foarte u\u0219or. Datorit\u0103 picioarelor reglabile pute\u021bi seta \u00een\u0103l\u021bimea dorit\u0103.<\/p>\n<p>Caracteristici<\/p>\n<p>Capacitate: 7 kg<\/p>\n<p>Carcasa \u0219i u\u0219a din inox<\/p>\n<p>Dimensiuni: 330x470x580 mm<\/p>\n<p>Capacitate: 28 kg<\/p>\n<p>Produc\u021bie: 30 kg pe zi<\/p>\n<p>Sistem eficient de r\u0103cire cu R290<\/p>\n<p>Racord: 230 V\/50 Hz\/1 faz\u0103 300 W<\/p>\n<p>Greutate net\u0103: 43 kg<\/p>\n<p>&nbsp;<\/p>\n<p>&nbsp;<\/p>\n","protected":false},"excerpt":{"rendered":"<p>Ma\u0219in\u0103 de produs chea\u021b\u0103 zdrobit\u0103 cu o capacitate de 30 kg \u00een 24 h. Capacitate: 7 kg; Carcasa \u0219i u\u0219a din inox; Dimensiuni: 330x470x580 mm; Capacitate: 28 kg; Produc\u021bie: 30 kg pe zi; Sistem eficient de r\u0103cire cu R290; Racord: 230 V\/50 Hz\/1 faz\u0103 300 W; Greutate net\u0103: 43 kg.<\/p>\n","protected":false},"featured_media":7886,"template":"","meta":[],"_links":{"self":[{"href":"https:\/\/evotek.md\/ro\/wp-json\/wp\/v2\/product\/7897"}],"collection":[{"href":"https:\/\/evotek.md\/ro\/wp-json\/wp\/v2\/product"}],"about":[{"href":"https:\/\/evotek.md\/ro\/wp-json\/wp\/v2\/types\/product"}],"wp:featuredmedia":[{"embeddable":true,"href":"https:\/\/evotek.md\/ro\/wp-json\/wp\/v2\/media\/7886"}],"wp:attachment":[{"href":"https:\/\/evotek.md\/ro\/wp-json\/wp\/v2\/media?parent=7897"}],"curies":[{"name":"wp","href":"https:\/\/api.w.org\/{rel}","templated":true}]}}