{"id":7866,"date":"2020-04-09T15:10:12","date_gmt":"2020-04-09T15:10:12","guid":{"rendered":"https:\/\/evotek.md\/?post_type=product&#038;p=7866"},"modified":"2020-04-09T15:10:12","modified_gmt":"2020-04-09T15:10:12","slug":"masina-de-produs-gheata-m-ice-100-m-09300128","status":"publish","type":"product","link":"https:\/\/evotek.md\/ro\/produse\/echipamente-pentru-bar-si-cafea\/masina-de-produs-gheata-2-echipamente-pentru-bar-si-cafea\/masina-de-produs-gheata-m-ice-100-m-09300128\/","title":{"rendered":"MA\u0218IN\u0102 DE PRODUS GHEA\u021a\u0102 -M-ICE 100\/M-09300128"},"content":{"rendered":"<p><strong>MA\u0218IN\u0102 DE PRODUS GHEA\u021a\u0102 <\/strong><strong>-M-ICE 100\/M-09300128- <\/strong>Ma\u0219in\u0103 de produs cuburi de ghea\u021b\u0103. Aceast\u0103 ma\u0219in\u0103 de producere a cuburilor de ghea\u021b\u0103 are patru picioare reglabile pe care le pute\u021bi seta de sinest\u0103t\u0103tor. Ma\u0219ina de fabricat cuburi de ghea\u021b\u0103 este protejat\u0103 \u00eempotriva suprasarcinii. \u00cen acest fel, nu trebuie s\u0103 v\u0103 face\u021bi griji c\u0103 ma\u0219ina dvs. de ghea\u021b\u0103 va fi supra\u00eenc\u0103rcat\u0103.<\/p>\n<p>Caracteristici<\/p>\n<p>Carcasa \u0219i u\u0219a din inox<\/p>\n<p>Dimensiuni: 680\u0445612\u04451040 mm<\/p>\n<p>Capacitate: 60 kg<\/p>\n<p>Produc\u021bie: 100 kg pe zi<\/p>\n<p>Sistem eficient de r\u0103cire cu R134a<\/p>\n<p>Racord: 230 V\/50 Hz\/1 faz\u0103 760 W<\/p>\n<p>Greutate net\u0103: 70 kg<\/p>\n<p>&nbsp;<\/p>\n<p>&nbsp;<\/p>\n","protected":false},"excerpt":{"rendered":"<p>Ma\u0219in\u0103 de produs chea\u021b\u0103 cu o capacitate de 100 kg \u00een 24 h. Carcasa \u0219i u\u0219a din inox; Dimensiuni: 680\u0445612\u04451040 mm; Capacitate: 60 kg; Sistem eficient de r\u0103cire cu R134a; Racord: 230 V\/50 Hz\/1 faz\u0103 760 W; Greutate net\u0103: 70 kg.<\/p>\n","protected":false},"featured_media":7855,"template":"","meta":[],"_links":{"self":[{"href":"https:\/\/evotek.md\/ro\/wp-json\/wp\/v2\/product\/7866"}],"collection":[{"href":"https:\/\/evotek.md\/ro\/wp-json\/wp\/v2\/product"}],"about":[{"href":"https:\/\/evotek.md\/ro\/wp-json\/wp\/v2\/types\/product"}],"wp:featuredmedia":[{"embeddable":true,"href":"https:\/\/evotek.md\/ro\/wp-json\/wp\/v2\/media\/7855"}],"wp:attachment":[{"href":"https:\/\/evotek.md\/ro\/wp-json\/wp\/v2\/media?parent=7866"}],"curies":[{"name":"wp","href":"https:\/\/api.w.org\/{rel}","templated":true}]}}