{"id":7803,"date":"2020-04-09T11:47:51","date_gmt":"2020-04-09T11:49:08","guid":{"rendered":"https:\/\/evotek.md\/?post_type=product&#038;p=7803"},"modified":"2024-12-23T08:23:40","modified_gmt":"2024-12-23T08:23:40","slug":"masina-de-produs-gheata-m-ice-15-m-09300121","status":"publish","type":"product","link":"https:\/\/evotek.md\/ro\/produse\/echipamente-pentru-bar-si-cafea\/masina-de-produs-gheata-2-echipamente-pentru-bar-si-cafea\/masina-de-produs-gheata-m-ice-15-m-09300121\/","title":{"rendered":"MASINA DE PRODUS GHEATA (GLONT) 15 kg\/24h -M-09300121"},"content":{"rendered":"<p><strong>MASINA DE PRODUS GHEATA (GLONT) 15 kg\/24h -M-09300121- <\/strong>Este o ma\u0219in\u0103 compact\u0103 de produs ghea\u021b\u0103 cu multe op\u021biuni. \u00cen plus, carcasa ma\u0219inii de produs ghea\u021b\u0103 este din plastic, iar interiorul este din ABS. Acesta este un model de mas\u0103 semi-profesional, care este excelent pentru uz casnic. Aceast\u0103 ma\u0219in\u0103 poate produce cuburi de ghea\u021b\u0103 de diferite dimensiuni. Produce cel pu\u021bin 15 kg \u00een 24 h.<\/p>\n<p>Caracteristici<\/p>\n<p>Dimensiuni: 280x370x345 mm<\/p>\n<p>Rezervor de ap\u0103: 2,2 L<\/p>\n<p>Capacitate pentru ghea\u021b\u0103: 1 kg<\/p>\n<p>Produc\u021bie: 15 kg \u00een 24 h<\/p>\n<p>Sistem eficient de r\u0103cire cu R134a<\/p>\n<p>Conexiune: 230 V \/ 50 Hz \/ 1 faz\u0103 180 W<\/p>\n<p>Greutate net\u0103: 11 kg<\/p>\n<p>&nbsp;<\/p>\n","protected":false},"excerpt":{"rendered":"<p>Ma\u0219in\u0103 de produs chea\u021b\u0103 cu o capacitate de 15 kg \u00een 24 h. Dimensiuni: 280x370x345 mm; Rezervor de ap\u0103: 2,2 L; Capacitate pentru ghea\u021b\u0103: 1 kg; Sistem eficient de r\u0103cire cu R134a; Conexiune: 230 V \/ 50 Hz \/ 1 faz\u0103 180 W; Greutate net\u0103: 11 kg.<\/p>\n","protected":false},"featured_media":7794,"template":"","meta":[],"_links":{"self":[{"href":"https:\/\/evotek.md\/ro\/wp-json\/wp\/v2\/product\/7803"}],"collection":[{"href":"https:\/\/evotek.md\/ro\/wp-json\/wp\/v2\/product"}],"about":[{"href":"https:\/\/evotek.md\/ro\/wp-json\/wp\/v2\/types\/product"}],"wp:featuredmedia":[{"embeddable":true,"href":"https:\/\/evotek.md\/ro\/wp-json\/wp\/v2\/media\/7794"}],"wp:attachment":[{"href":"https:\/\/evotek.md\/ro\/wp-json\/wp\/v2\/media?parent=7803"}],"curies":[{"name":"wp","href":"https:\/\/api.w.org\/{rel}","templated":true}]}}