{"id":7789,"date":"2020-04-09T11:19:52","date_gmt":"2020-04-09T11:20:48","guid":{"rendered":"https:\/\/evotek.md\/?post_type=product&#038;p=7789"},"modified":"2023-03-06T13:22:20","modified_gmt":"2023-03-06T13:22:20","slug":"saladetta-sal903-slt-m-09400415","status":"publish","type":"product","link":"https:\/\/evotek.md\/ro\/produse\/echipamente-frigorifice\/masa-frigider\/saladetta-sal903-slt-m-09400415\/","title":{"rendered":"MASA FRIGORIFICA CU SALADETA, 3 USI, 400 LITRI -M-09400415"},"content":{"rendered":"<p><strong>MASA FRIGORIFICA CU SALADETA, 3 USI, 400 LITRI -M-09400415- <\/strong>Acesta este un echipament specializat de refrigerare, conceput pentru a stoca ingrediente individuale pentru salate \u0219i alte produse alimentare \u00een buc\u0103t\u0103ria profesional\u0103 a unit\u0103\u021bilor de alimenta\u021bie public\u0103 \u0219i a supermarketurilor.<\/p>\n<p>Caracteristici<\/p>\n<p>Capac durabil din inox \u0219i mas\u0103 de lucru din plastic robust<\/p>\n<p>Capacitate: 400 L<\/p>\n<p>Control digital al temperaturii (DIXELL)<\/p>\n<p>Sistem de r\u0103cire cu ventilator<\/p>\n<p>Decongelare automat\u0103<\/p>\n<p>Agent frigorific R290a \/ CFC<\/p>\n<p>Grosime de izolare: 35 mm<\/p>\n<p>Temperatur\u0103: 0 \u00b0 la + 10 \u00b0 Celsius<\/p>\n<p>Containere standard exclusiv GN<\/p>\n<p>Greutate net\u0103: 107 kg<\/p>\n<p>\u0412\u043d\u0443\u0442\u0440\u0435\u043d\u043d\u0438\u0435 \u0440\u0430\u0437\u043c\u0435\u0440\u044b: 1295x595x500 \u043c\u043c<\/p>\n<p>\u0412\u043d\u0435\u0448\u043d\u0438\u0435 \u0440\u0430\u0437\u043c\u0435\u0440\u044b: 1365x700x880 \u043c\u043c<\/p>\n<p>Conexiune: 230 V\/50 Hz\/1 faz\u0103 230 W<\/p>\n<p>&nbsp;<\/p>\n<p>&nbsp;<\/p>\n","protected":false},"excerpt":{"rendered":"<p>Saladet\u0103 cu o capacitate de 400 litri. Capac durabil din inox \u0219i mas\u0103 de lucru din plastic robust; Capacitate: 400 L; Control digital al temperaturii (DIXELL); Sistem de r\u0103cire cu ventilator; Decongelare automat\u0103; Agent frigorific R290a \/ CFC; Grosime de izolare: 35 mm; Temperatur\u0103: 0 \u00b0 la + 10 \u00b0 Celsius; Containere standard exclusiv GN; Greutate net\u0103: 107 kg; \u0412\u043d\u0443\u0442\u0440\u0435\u043d\u043d\u0438\u0435 \u0440\u0430\u0437\u043c\u0435\u0440\u044b: 1295x595x500 \u043c\u043c; \u0412\u043d\u0435\u0448\u043d\u0438\u0435 \u0440\u0430\u0437\u043c\u0435\u0440\u044b: 1365x700x880 \u043c\u043c; Conexiune: 230 V\/50 Hz\/1 faz\u0103 230 W.<\/p>\n","protected":false},"featured_media":7778,"template":"","meta":[],"_links":{"self":[{"href":"https:\/\/evotek.md\/ro\/wp-json\/wp\/v2\/product\/7789"}],"collection":[{"href":"https:\/\/evotek.md\/ro\/wp-json\/wp\/v2\/product"}],"about":[{"href":"https:\/\/evotek.md\/ro\/wp-json\/wp\/v2\/types\/product"}],"wp:featuredmedia":[{"embeddable":true,"href":"https:\/\/evotek.md\/ro\/wp-json\/wp\/v2\/media\/7778"}],"wp:attachment":[{"href":"https:\/\/evotek.md\/ro\/wp-json\/wp\/v2\/media?parent=7789"}],"curies":[{"name":"wp","href":"https:\/\/api.w.org\/{rel}","templated":true}]}}