{"id":7775,"date":"2020-04-09T10:56:29","date_gmt":"2020-04-09T11:03:22","guid":{"rendered":"https:\/\/evotek.md\/?post_type=product&#038;p=7775"},"modified":"2023-03-06T13:21:00","modified_gmt":"2023-03-06T13:21:00","slug":"saladetta-sal900-slt-m-09400410","status":"publish","type":"product","link":"https:\/\/evotek.md\/ro\/produse\/echipamente-frigorifice\/masa-frigider\/saladetta-sal900-slt-m-09400410\/","title":{"rendered":"MASA FRIGORIFICA CU SALADETA, 2 USI, 257 LITRI -M-09400410"},"content":{"rendered":"<p><strong>MASA FRIGORIFICA CU SALADETA, 2 USI, 257 LITRI -M-09400410- <\/strong>Acesta este un echipament specializat de refrigerare, conceput pentru a stoca ingrediente individuale pentru salate \u0219i alte produse alimentare \u00een buc\u0103t\u0103ria profesional\u0103 a unit\u0103\u021bilor de alimenta\u021bie public\u0103 \u0219i a supermarketurilor.<\/p>\n<p>Caracteristici<\/p>\n<p>Capac durabil din inox \u0219i mas\u0103 de lucru din plastic robust<\/p>\n<p>Capacitate: 257 L<\/p>\n<p>Control digital al temperaturii (DIXELL)<\/p>\n<p>Sistem de r\u0103cire cu ventilator<\/p>\n<p>Decongelare automat\u0103<\/p>\n<p>Agent frigorific R600a \/ CFC<\/p>\n<p>Grosime de izolare: 35 mm<\/p>\n<p>Temperatur\u0103: 0 \u00b0 la + 10 \u00b0 Celsius<\/p>\n<p>Containere standard exclusiv GN<\/p>\n<p>Greutate net\u0103: 70 kg<\/p>\n<p>Dimensiuni interne: 830x595x500 mm<\/p>\n<p>Dimensiuni externe: 900x700x880 mm<\/p>\n<p>Conexiune: 230 V\/50 Hz\/1 faz\u0103 230 W<\/p>\n<p>&nbsp;<\/p>\n","protected":false},"excerpt":{"rendered":"<p>Saladet\u0103 cu o capacitate de 257 litri. Capac durabil din inox \u0219i mas\u0103 de lucru din plastic robust;\u00a0 Control digital al temperaturii (DIXELL); Sistem de r\u0103cire cu ventilator; Decongelare automat\u0103; Agent frigorific R600a \/ CFC; Grosime de izolare: 35 mm; Temperatur\u0103: 0 \u00b0 la + 10 \u00b0 Celsius; Containere standard exclusiv GN; Greutate net\u0103: 70 kg; Dimensiuni interne: 830x595x500 mm; Dimensiuni externe: 900x700x880 mm; Conexiune: 230 V\/50 Hz\/1 faz\u0103 230 W.<\/p>\n","protected":false},"featured_media":7764,"template":"","meta":[],"_links":{"self":[{"href":"https:\/\/evotek.md\/ro\/wp-json\/wp\/v2\/product\/7775"}],"collection":[{"href":"https:\/\/evotek.md\/ro\/wp-json\/wp\/v2\/product"}],"about":[{"href":"https:\/\/evotek.md\/ro\/wp-json\/wp\/v2\/types\/product"}],"wp:featuredmedia":[{"embeddable":true,"href":"https:\/\/evotek.md\/ro\/wp-json\/wp\/v2\/media\/7764"}],"wp:attachment":[{"href":"https:\/\/evotek.md\/ro\/wp-json\/wp\/v2\/media?parent=7775"}],"curies":[{"name":"wp","href":"https:\/\/api.w.org\/{rel}","templated":true}]}}