{"id":7757,"date":"2020-04-09T10:15:14","date_gmt":"2020-04-09T10:15:14","guid":{"rendered":"https:\/\/evotek.md\/?post_type=product&#038;p=7757"},"modified":"2020-04-09T10:15:14","modified_gmt":"2020-04-09T10:15:14","slug":"vitrina-frigorifica-de-masa-pentru-sushi-hkn-krdt-18","status":"publish","type":"product","link":"https:\/\/evotek.md\/ro\/produse\/echipamente-frigorifice\/vitrine-pentru-sushi-sushi-case\/vitrina-frigorifica-de-masa-pentru-sushi-hkn-krdt-18\/","title":{"rendered":"VITRIN\u0102 FRIGORIFIC\u0102 DE MAS\u0102 PENTRU SUSHI -HKN KRDT-1,8"},"content":{"rendered":"<p><strong>VITRIN\u0102 FRIGORIFIC\u0102 DE MAS\u0102 PENTRU SUSHI &#8211;<\/strong><strong>HKN KRDT-1,8<\/strong>&#8211; Este destinat r\u0103cirii, depozit\u0103rii pe termen scurt \u0219i a demonstra\u021biei de sushi \u00een cafenele, restaurante \u0219i baruri. Modelul este echipat cu o unitate de refrigerare. Echipamentul func\u021bioneaz\u0103 cu agent frigorific R134a. Suprafa\u021ba de expunere este din inox.<\/p>\n<p>Caracteristici<\/p>\n<p>Parametri: 260x1790x370 mm<\/p>\n<p>Putere: 0,2 kW<\/p>\n<p>Greutate net\u0103: 43 kg<\/p>\n<p>Starea temperaturii: +2 &#8230; + 10 C<\/p>\n<p>Suprafa\u021b\u0103 de expunere: 0,427 m2<\/p>\n<p>Modelul este echipat cu un covor verde special<\/p>\n<p>&nbsp;<\/p>\n<p>&nbsp;<\/p>\n","protected":false},"excerpt":{"rendered":"<p>Vitrin\u0103 frigorific\u0103 de mas\u0103 pentru sushi 1,8. Parametri: 260x1790x370 mm; Putere: 0,2 kW; Greutate net\u0103: 43 kg; Starea temperaturii: +2 &#8230; + 10 C; Suprafa\u021b\u0103 de expunere: 0,427 m2; Modelul este echipat cu un covor verde special.<\/p>\n","protected":false},"featured_media":7756,"template":"","meta":[],"_links":{"self":[{"href":"https:\/\/evotek.md\/ro\/wp-json\/wp\/v2\/product\/7757"}],"collection":[{"href":"https:\/\/evotek.md\/ro\/wp-json\/wp\/v2\/product"}],"about":[{"href":"https:\/\/evotek.md\/ro\/wp-json\/wp\/v2\/types\/product"}],"wp:featuredmedia":[{"embeddable":true,"href":"https:\/\/evotek.md\/ro\/wp-json\/wp\/v2\/media\/7756"}],"wp:attachment":[{"href":"https:\/\/evotek.md\/ro\/wp-json\/wp\/v2\/media?parent=7757"}],"curies":[{"name":"wp","href":"https:\/\/api.w.org\/{rel}","templated":true}]}}