{"id":7745,"date":"2020-04-09T09:38:46","date_gmt":"2020-04-09T09:38:46","guid":{"rendered":"https:\/\/evotek.md\/?post_type=product&#038;p=7745"},"modified":"2020-04-09T09:38:46","modified_gmt":"2020-04-09T09:38:46","slug":"vitrina-pentru-sushi-sushi-case-132-l-m-09400866","status":"publish","type":"product","link":"https:\/\/evotek.md\/ro\/produse\/echipamente-frigorifice\/vitrine-pentru-sushi-sushi-case\/vitrina-pentru-sushi-sushi-case-132-l-m-09400866\/","title":{"rendered":"VITRIN\u0102 PENTRU SUSHI (SUSHI CASE) 132 l M-09400866"},"content":{"rendered":"<p><strong>VITRIN\u0102 PENTRU SUSHI (SUSHI CASE) 132 l M-09400866-<\/strong> Vitrin\u0103 frigorific\u0103 clasa lux cu sticl\u0103 curbat\u0103 \u0219i suporturi GN din inox. Echipamente actuale pentru sushi baruri \u0219i unit\u0103\u021bi de alimenta\u021bie, al c\u0103ror meniu ofer\u0103 buc\u0103t\u0103rie japonez\u0103. Aceasta este o vitrin\u0103 cu recipiente pentru gastronomii \u00een care sunt depozitate alimentele gata preparate. Facilit\u0103\u021bile vitrinelor frigorifice sunt etan\u0219eitatea, r\u0103cirea rapid\u0103 a produselor \u0219i vizibilitate lor atr\u0103g\u0103toare.<\/p>\n<p>Caracteristici<\/p>\n<p>Capacitate: 5&#215;1\/2 GN- 132L<\/p>\n<p>Inclusiv containerele: 8&#215;1\/ 3 GN H40 mm<\/p>\n<p>Dotat cu picioare reglabile<\/p>\n<p>Control digital al temperaturii (DIXELL)<\/p>\n<p>Refrigerent: 134a \/ f\u0103r\u0103 CFC<\/p>\n<p>Temperatur\u0103: 0 \u00b0 la + 12 \u00b0 Celsius<\/p>\n<p>Decongelare automat\u0103<\/p>\n<p>Sistem anti-condensare<\/p>\n<p>Greutate net\u0103: 45 kg<\/p>\n<p>Dimensiuni: 1800x420x265 mm<\/p>\n<p>Conexiune: 230 V\/ 50 Hz\/ 1 faz\u0103 160 W<\/p>\n<p>&nbsp;<\/p>\n<p><strong>\u00a0<\/strong><\/p>\n<p>&nbsp;<\/p>\n","protected":false},"excerpt":{"rendered":"<p>Vitrin\u0103 frigorific\u0103 pentru sushi cu o capacitate de 132 l. Capacitate: 5&#215;1\/2 GN- 132L; Inclusiv containerele: 8&#215;1\/ 3 GN H40 mm; Dotat cu picioare reglabile; Control digital al temperaturii (DIXELL); Refrigerent: 134a\/ f\u0103r\u0103 CFC; Temperatur\u0103: 0 \u00b0 la + 12 \u00b0 Celsius; Decongelare automata; Sistem anti-condensare; Greutate net\u0103: 45 kg; Dimensiuni: 1800x420x265 mm; Conexiune: 230 V\/ 50 Hz\/ 1 faz\u0103 160 W.<\/p>\n","protected":false},"featured_media":7737,"template":"","meta":[],"_links":{"self":[{"href":"https:\/\/evotek.md\/ro\/wp-json\/wp\/v2\/product\/7745"}],"collection":[{"href":"https:\/\/evotek.md\/ro\/wp-json\/wp\/v2\/product"}],"about":[{"href":"https:\/\/evotek.md\/ro\/wp-json\/wp\/v2\/types\/product"}],"wp:featuredmedia":[{"embeddable":true,"href":"https:\/\/evotek.md\/ro\/wp-json\/wp\/v2\/media\/7737"}],"wp:attachment":[{"href":"https:\/\/evotek.md\/ro\/wp-json\/wp\/v2\/media?parent=7745"}],"curies":[{"name":"wp","href":"https:\/\/api.w.org\/{rel}","templated":true}]}}