{"id":7595,"date":"2020-04-07T09:23:19","date_gmt":"2020-04-07T09:23:19","guid":{"rendered":"https:\/\/evotek.md\/?post_type=product&#038;p=7595"},"modified":"2020-09-24T11:21:30","modified_gmt":"2020-09-24T11:21:30","slug":"tigaie-din-inox-o-40-cm","status":"publish","type":"product","link":"https:\/\/evotek.md\/ro\/produse\/accesorii-si-inventar-bucatarie\/cratite-si-tigai\/tigai-din-inox-2\/tigaie-din-inox-o-40-cm\/","title":{"rendered":"TIGAIE DIN INOX \u00d8 40 cm -ST-014403"},"content":{"rendered":"<p><strong>TIGAIE<\/strong> <strong>DIN INOX \u00d8 40 cm -ST-014403- <\/strong>\u00cen partea de jos a produsului se folose\u0219te tehnologia multistrat, care asigur\u0103 o bun\u0103 conductibilitate termic\u0103. Fundul \u00eencapsulat (multistrat) ofer\u0103 rezisten\u021b\u0103 la coroziune. Produsul este compatibil cu toate tipurile de plite. Permis pentru utilizarea \u00een echipamentul de sp\u0103lat vase.<\/p>\n<p>Diametru: 40 cm<br \/>\n\u00cen\u0103l\u021bime: 70 mm<\/p>\n<p>&nbsp;<\/p>\n","protected":false},"excerpt":{"rendered":"<p>Crati\u021b\u0103 din inox cu diametrul de 40 cm. \u00cen\u0103l\u021bime 70 mm.<\/p>\n","protected":false},"featured_media":17510,"template":"","meta":[],"_links":{"self":[{"href":"https:\/\/evotek.md\/ro\/wp-json\/wp\/v2\/product\/7595"}],"collection":[{"href":"https:\/\/evotek.md\/ro\/wp-json\/wp\/v2\/product"}],"about":[{"href":"https:\/\/evotek.md\/ro\/wp-json\/wp\/v2\/types\/product"}],"wp:featuredmedia":[{"embeddable":true,"href":"https:\/\/evotek.md\/ro\/wp-json\/wp\/v2\/media\/17510"}],"wp:attachment":[{"href":"https:\/\/evotek.md\/ro\/wp-json\/wp\/v2\/media?parent=7595"}],"curies":[{"name":"wp","href":"https:\/\/api.w.org\/{rel}","templated":true}]}}