{"id":7590,"date":"2020-04-07T09:20:52","date_gmt":"2020-04-07T09:20:52","guid":{"rendered":"https:\/\/evotek.md\/?post_type=product&#038;p=7590"},"modified":"2020-10-26T10:33:35","modified_gmt":"2020-10-26T10:33:35","slug":"tigaie-din-fonta-pentru-grill-24x24-cm","status":"publish","type":"product","link":"https:\/\/evotek.md\/ro\/produse\/accesorii-si-inventar-bucatarie\/cratite-si-tigai\/tigaie-din-fonta-pentru-grill-24x24-cm\/","title":{"rendered":"TIGAIE DIN FONT\u0102 PENTRU GRILL 24&#215;24 cm -ST-049003"},"content":{"rendered":"<p><strong>TIGAIE<\/strong> <strong>DIN FONT\u0102 PENTRU GRILL 24&#215;24 cm -ST-049003- <\/strong>Ideal pentru a servi gust\u0103ri calde. Datorit\u0103 fundului gros, crati\u021ba se r\u0103ce\u0219te greu. Produsul este compatibil cu toate tipurile de plite. Permis pentru utilizarea \u00een echipamentul de sp\u0103lat vase.<\/p>\n<p>Caracteristici<\/p>\n<p>Dimensiuni: 24&#215;24 cm<\/p>\n<p>\u00cen\u0103l\u021bime: 30 mm<\/p>\n<p>Greutate: 2,6 kg<\/p>\n<p>Material: font\u0103<\/p>\n<p>Acoperire antiaderent\u0103: Nu<\/p>\n<p>&nbsp;<\/p>\n","protected":false},"excerpt":{"rendered":"<p>Tigaie din font\u0103 pentru grill cu parametri 24&#215;24 cm. \u00cen\u0103l\u021bime: 30 mm; Greutate: 2,6 kg; Material: font\u0103; Acoperire antiaderent\u0103: Nu.<\/p>\n","protected":false},"featured_media":17521,"template":"","meta":[],"_links":{"self":[{"href":"https:\/\/evotek.md\/ro\/wp-json\/wp\/v2\/product\/7590"}],"collection":[{"href":"https:\/\/evotek.md\/ro\/wp-json\/wp\/v2\/product"}],"about":[{"href":"https:\/\/evotek.md\/ro\/wp-json\/wp\/v2\/types\/product"}],"wp:featuredmedia":[{"embeddable":true,"href":"https:\/\/evotek.md\/ro\/wp-json\/wp\/v2\/media\/17521"}],"wp:attachment":[{"href":"https:\/\/evotek.md\/ro\/wp-json\/wp\/v2\/media?parent=7590"}],"curies":[{"name":"wp","href":"https:\/\/api.w.org\/{rel}","templated":true}]}}