{"id":7585,"date":"2020-04-07T09:17:33","date_gmt":"2020-04-07T09:18:42","guid":{"rendered":"https:\/\/evotek.md\/?post_type=product&#038;p=7585"},"modified":"2024-12-30T13:52:50","modified_gmt":"2024-12-30T13:52:50","slug":"st-032300","status":"publish","type":"product","link":"https:\/\/evotek.md\/ro\/produse\/accesorii-si-inventar-bucatarie\/cratite-si-tigai\/tigai-pentru-plite-cu-inductie-2\/st-032300\/","title":{"rendered":"TIGAIE PENTRU CLATITE 255 mm -ST-032300"},"content":{"rendered":"<p><strong>TIGAIE PENTRU CLATITE 255 mm -ST-032300- <\/strong>crati\u021ba pentru cl\u0103tite cu acoperire din teflon, cu diametru de 292 mm. Acoperire antiaderent\u0103 din trei straturi rezistent\u0103 la zg\u00e2rieturi. M\u00e2nerul tigaiei este din inox. R\u0103\u0219ina epoxidic\u0103 asigur\u0103 o rezisten\u021b\u0103 ridicat\u0103 la c\u0103ldur\u0103. Distribuie bine c\u0103ldura \u0219i rapid pe \u00eentreaga suprafa\u021b\u0103 a tigaiei. Posibilitatea de a g\u0103ti cu pu\u021bin ulei.<\/p>\n<p>&nbsp;<\/p>\n","protected":false},"excerpt":{"rendered":"<p>Tigaie pentru cl\u0103tite cu diametrul de 255 mm. \u00cen\u0103l\u021bime: 17 mm.<\/p>\n","protected":false},"featured_media":41896,"template":"","meta":[],"_links":{"self":[{"href":"https:\/\/evotek.md\/ro\/wp-json\/wp\/v2\/product\/7585"}],"collection":[{"href":"https:\/\/evotek.md\/ro\/wp-json\/wp\/v2\/product"}],"about":[{"href":"https:\/\/evotek.md\/ro\/wp-json\/wp\/v2\/types\/product"}],"wp:featuredmedia":[{"embeddable":true,"href":"https:\/\/evotek.md\/ro\/wp-json\/wp\/v2\/media\/41896"}],"wp:attachment":[{"href":"https:\/\/evotek.md\/ro\/wp-json\/wp\/v2\/media?parent=7585"}],"curies":[{"name":"wp","href":"https:\/\/api.w.org\/{rel}","templated":true}]}}