{"id":7575,"date":"2020-04-07T09:12:11","date_gmt":"2020-04-07T09:12:50","guid":{"rendered":"https:\/\/evotek.md\/?post_type=product&#038;p=7575"},"modified":"2023-04-25T10:17:56","modified_gmt":"2023-04-25T10:17:56","slug":"tigaie-wok-din-inox-o-400-mm","status":"publish","type":"product","link":"https:\/\/evotek.md\/ro\/produse\/accesorii-si-inventar-bucatarie\/cratite-si-tigai\/tigaie-wok-din-inox-o-400-mm\/","title":{"rendered":"TIGAIE WOK DIN OTEL LUSTRUIT \u00d8 400 mm -ST-037401"},"content":{"rendered":"<p><strong>TIGAIE<\/strong> <strong>WOK DIN OTEL LUSTRUIT \u00d8<\/strong> <strong>400 mm -ST-037401- <\/strong>Tigaie Wok din o\u021bel lustruit d-400 mm, h-120 mm, lungimea m\u00e2nerului 185 mm. Potrivit pentru aragazuri cu induc\u021bie wok. Cu ea, pute\u021bi face orice fel de m\u00e2ncare \u00eentr-un timp c\u00e2t mai scurt. G\u0103titul va fi pl\u0103cut, rapid \u0219i delicios. Aceast\u0103 tigaie v\u0103 permite s\u0103 realiza\u021bi toate experimentele culinare. Are pere\u021bii sub\u021biri, ceea ce permite \u00eenc\u0103lzirea uniform\u0103 a acestuia. Aceast\u0103 crati\u021b\u0103 este folosit\u0103 \u00een unit\u0103\u021bile de fast-food.<\/p>\n<p>Crati\u021ba este folosit\u0103 mai \u00een deosebi pentru pr\u0103jirea rapid\u0103, \u00eens\u0103 \u00een ea se poate \u0219i de: \u00een\u0103bu\u0219it carne \u0219i legume, fiind acoperit\u0103 cu un capac; de pr\u0103jit ca \u00een friteuz\u0103; de folosit ca cazan; de a coace.<\/p>\n<p>Tigaie Wok din inox lustruit\u0103, d-400 mm, h-120 mm, lungimea m\u00e2nerului 185 mm.<\/p>\n","protected":false},"excerpt":{"rendered":"<p>Tigaie Wok din o\u021bel lustruit, d-400 mm, h-120 mm, lungimea m\u00e2nerului 185 mm.<\/p>\n","protected":false},"featured_media":17508,"template":"","meta":[],"_links":{"self":[{"href":"https:\/\/evotek.md\/ro\/wp-json\/wp\/v2\/product\/7575"}],"collection":[{"href":"https:\/\/evotek.md\/ro\/wp-json\/wp\/v2\/product"}],"about":[{"href":"https:\/\/evotek.md\/ro\/wp-json\/wp\/v2\/types\/product"}],"wp:featuredmedia":[{"embeddable":true,"href":"https:\/\/evotek.md\/ro\/wp-json\/wp\/v2\/media\/17508"}],"wp:attachment":[{"href":"https:\/\/evotek.md\/ro\/wp-json\/wp\/v2\/media?parent=7575"}],"curies":[{"name":"wp","href":"https:\/\/api.w.org\/{rel}","templated":true}]}}