{"id":7568,"date":"2020-04-07T09:09:20","date_gmt":"2020-04-07T09:10:00","guid":{"rendered":"https:\/\/evotek.md\/?post_type=product&#038;p=7568"},"modified":"2025-09-10T11:59:33","modified_gmt":"2025-09-10T11:59:33","slug":"tigaie-din-aluminiu-cu-acoperire-din-titan-o-240-mm","status":"publish","type":"product","link":"https:\/\/evotek.md\/ro\/produse\/accesorii-si-inventar-bucatarie\/cratite-si-tigai\/tigai-din-aluminiu-2\/tigaie-din-aluminiu-cu-acoperire-din-titan-o-240-mm\/","title":{"rendered":"TIGAIE DIN ALUMINIU CU ACOPERIRE DIN TITAN \u00d8 240 mm -ST-034241"},"content":{"rendered":"<p><strong>TIGAIE<\/strong> <strong>DIN ALUMINIU CU ACOPERIRE DIN TITAN \u00d8 240 mm -ST-034241- <\/strong>Tigaie din aluminiu cu acoperire din titan \u0219i fund cu induc\u021bie d-240 mm, h-50 mm. M\u00e2nerul crati\u021bei este din inox, nu se \u00eenc\u0103lze\u0219te. Datorit\u0103 fundului cu induc\u021bie, tigaia combin\u0103 propriet\u0103\u021bile magnetice ale tig\u0103ii din inox cu conductivitatea termic\u0103 superioar\u0103 a aluminiului. Acoperirea previne lipirea \u0219i este rezistent\u0103 la temperaturi ridicate (p\u00e2n\u0103 la 250 \u00b0 C). Un strat de titan \u00eentre aluminiu \u0219i o acoperire antiaderent\u0103 asigur\u0103 o roadere optim\u0103 la suprafa\u021b\u0103. Aceast\u0103 tehnologie dubl\u0103 de acoperire protejeaz\u0103 \u00een \u00eempotriva zg\u00e2rieturilor.<\/p>\n<p>&nbsp;<\/p>\n","protected":false},"excerpt":{"rendered":"<p>Tigaie din aluminiu cu acoperire din titan \u0219i fund cu induc\u021bie d-240 mm, h-50 mm.<\/p>\n","protected":false},"featured_media":17531,"template":"","meta":[],"_links":{"self":[{"href":"https:\/\/evotek.md\/ro\/wp-json\/wp\/v2\/product\/7568"}],"collection":[{"href":"https:\/\/evotek.md\/ro\/wp-json\/wp\/v2\/product"}],"about":[{"href":"https:\/\/evotek.md\/ro\/wp-json\/wp\/v2\/types\/product"}],"wp:featuredmedia":[{"embeddable":true,"href":"https:\/\/evotek.md\/ro\/wp-json\/wp\/v2\/media\/17531"}],"wp:attachment":[{"href":"https:\/\/evotek.md\/ro\/wp-json\/wp\/v2\/media?parent=7568"}],"curies":[{"name":"wp","href":"https:\/\/api.w.org\/{rel}","templated":true}]}}