{"id":7564,"date":"2020-04-07T09:07:22","date_gmt":"2020-04-07T09:07:22","guid":{"rendered":"https:\/\/evotek.md\/?post_type=product&#038;p=7564"},"modified":"2020-10-26T10:33:09","modified_gmt":"2020-10-26T10:33:09","slug":"suprafata-de-prajit-din-fonta-pe-doua-parti-480x260-mm","status":"publish","type":"product","link":"https:\/\/evotek.md\/ro\/produse\/accesorii-si-inventar-bucatarie\/cratite-si-tigai\/suprafata-de-prajit-din-fonta-pe-doua-parti-480x260-mm\/","title":{"rendered":"SUPRAFA\u021a\u0102 DE PR\u0102JIT DIN FONT\u0102 PE DOU\u0102 P\u0102R\u021aI 480&#215;260 mm -ST-049002"},"content":{"rendered":"<p><strong>SUPRAFA\u021a\u0102 DE PR\u0102JIT DIN FONT\u0102 PE DOU\u0102 P\u0102R\u021aI 480&#215;260 mm -ST-049002-<\/strong> Suprafat\u0103 de pr\u0103jit din font\u0103 pe dou\u0103 p\u0103r\u021bi -neted\u0103 \u0219i riflat\u0103. Suprafa\u021ba din font\u0103 ob\u021binut\u0103 ca urmare prin procesul de ardere este ideal\u0103 pentru g\u0103tirea \u0219i servirea bucatelor, suprafa\u021ba cu dou\u0103 p\u0103r\u021bi poate fi folosit\u0103 pe plite standard cu gaz \u0219i electrice. Ideal pentru a prepara biftecuri americane \u0219i argentiniene.<\/p>\n<p>&nbsp;<\/p>\n","protected":false},"excerpt":{"rendered":"<p>Suprafat\u0103 de pr\u0103jit din font\u0103 pe dou\u0103 p\u0103r\u021bi -neted\u0103 \u0219i riflat\u0103 cu dimensiunea de 480&#215;260 mm (h-20 mm, 4,35 kg).<\/p>\n","protected":false},"featured_media":17519,"template":"","meta":[],"_links":{"self":[{"href":"https:\/\/evotek.md\/ro\/wp-json\/wp\/v2\/product\/7564"}],"collection":[{"href":"https:\/\/evotek.md\/ro\/wp-json\/wp\/v2\/product"}],"about":[{"href":"https:\/\/evotek.md\/ro\/wp-json\/wp\/v2\/types\/product"}],"wp:featuredmedia":[{"embeddable":true,"href":"https:\/\/evotek.md\/ro\/wp-json\/wp\/v2\/media\/17519"}],"wp:attachment":[{"href":"https:\/\/evotek.md\/ro\/wp-json\/wp\/v2\/media?parent=7564"}],"curies":[{"name":"wp","href":"https:\/\/api.w.org\/{rel}","templated":true}]}}