{"id":7559,"date":"2020-04-07T09:03:09","date_gmt":"2020-04-07T09:03:53","guid":{"rendered":"https:\/\/evotek.md\/?post_type=product&#038;p=7559"},"modified":"2023-03-16T12:13:21","modified_gmt":"2023-03-16T12:13:21","slug":"tigaie-pentru-clatite-o-292-mm","status":"publish","type":"product","link":"https:\/\/evotek.md\/ro\/produse\/accesorii-si-inventar-bucatarie\/cratite-si-tigai\/tigai-din-aluminiu-2\/tigaie-pentru-clatite-o-292-mm\/","title":{"rendered":"TIGAIE DIN ALUMINIU CU ACOPRIRE DIN TEFLON, PENTRU CLATITE \u00d8 292 mm -ST-032301"},"content":{"rendered":"<p><strong>TIGAIE DIN ALUMINIU CU ACOPRIRE DIN TEFLON, PENTRU CLATITE \u00d8 292 mm -ST-032301- <\/strong>Tigaie pentru cl\u0103tite din aluminiu cu acoperire din teflon, cu diametru de 292 mm. Acoperire antiaderent\u0103 din trei straturi rezistent\u0103 la zg\u00e2rieturi. M\u00e2nerul tigaiei este din inox. R\u0103\u0219ina epoxidic\u0103 asigur\u0103 o rezisten\u021b\u0103 ridicat\u0103 la c\u0103ldur\u0103. Distribuie bine c\u0103ldura \u0219i rapid pe \u00eentreaga suprafa\u021b\u0103 a tigaiei. Posibilitatea de a g\u0103ti cu pu\u021bin ulei.<\/p>\n<p>Diametru: 292\/255 mm<br \/>\n\u00cen\u0103l\u021bime: 17 mm<\/p>\n<p>&nbsp;<\/p>\n","protected":false},"excerpt":{"rendered":"<p>Tigaie pentru cl\u0103tite din aluminiu cu acoperire din teflon cu diametru de 292\/255 mm. \u00cen\u0103l\u021bime: 17 mm.<\/p>\n","protected":false},"featured_media":17533,"template":"","meta":[],"_links":{"self":[{"href":"https:\/\/evotek.md\/ro\/wp-json\/wp\/v2\/product\/7559"}],"collection":[{"href":"https:\/\/evotek.md\/ro\/wp-json\/wp\/v2\/product"}],"about":[{"href":"https:\/\/evotek.md\/ro\/wp-json\/wp\/v2\/types\/product"}],"wp:featuredmedia":[{"embeddable":true,"href":"https:\/\/evotek.md\/ro\/wp-json\/wp\/v2\/media\/17533"}],"wp:attachment":[{"href":"https:\/\/evotek.md\/ro\/wp-json\/wp\/v2\/media?parent=7559"}],"curies":[{"name":"wp","href":"https:\/\/api.w.org\/{rel}","templated":true}]}}