{"id":7548,"date":"2020-04-07T08:55:03","date_gmt":"2020-04-07T08:55:53","guid":{"rendered":"https:\/\/evotek.md\/?post_type=product&#038;p=7548"},"modified":"2023-03-16T12:17:16","modified_gmt":"2023-03-16T12:17:16","slug":"tigaie-din-aluminiu-platinum-o-32-cm","status":"publish","type":"product","link":"https:\/\/evotek.md\/ro\/produse\/accesorii-si-inventar-bucatarie\/cratite-si-tigai\/tigai-din-aluminiu-2\/tigaie-din-aluminiu-platinum-o-32-cm\/","title":{"rendered":"TIGAIE DIN ALUMINIU CU ACOPRIRE DIN TEFLON, \u00d832 cm -ST-035321"},"content":{"rendered":"<p><strong>TIGAIE DIN ALUMINIU CU ACOPRIRE DIN TEFLON, \u00d832 cm -ST-035321-<\/strong> Tigaie din aluminiu Platinum, de 32 cm cu acoperire de teflon. Acoperire antiaderent\u0103 din trei straturi rezistent\u0103 la zg\u00e2rieturi. M\u00e2nerul tigaiei este din inox. R\u0103\u0219ina epoxidic\u0103 asigur\u0103 o rezisten\u021b\u0103 ridicat\u0103 la c\u0103ldur\u0103. Distribuie bine c\u0103ldura \u0219i rapid pe \u00eentreaga suprafa\u021b\u0103 a tigaiei. Posibilitatea de a g\u0103ti cu pu\u021bin ulei.<\/p>\n<p>Caracteristici<\/p>\n<p>Diametru: 32 cm<\/p>\n<p>\u00cen\u0103l\u021bime: 50 mm<\/p>\n<p>Volumul: 3 L<\/p>\n<p>Grosime perete: 4mm<\/p>\n<p>&nbsp;<\/p>\n","protected":false},"excerpt":{"rendered":"<p>Tigaie din aluminiu Platinum cu diametrul de 32 cm, cu acoperire de teflon. \u00cen\u0103l\u021bime: 50 mm; Volumul: 3 L; Grosime perete: 4mm.<\/p>\n","protected":false},"featured_media":17529,"template":"","meta":[],"_links":{"self":[{"href":"https:\/\/evotek.md\/ro\/wp-json\/wp\/v2\/product\/7548"}],"collection":[{"href":"https:\/\/evotek.md\/ro\/wp-json\/wp\/v2\/product"}],"about":[{"href":"https:\/\/evotek.md\/ro\/wp-json\/wp\/v2\/types\/product"}],"wp:featuredmedia":[{"embeddable":true,"href":"https:\/\/evotek.md\/ro\/wp-json\/wp\/v2\/media\/17529"}],"wp:attachment":[{"href":"https:\/\/evotek.md\/ro\/wp-json\/wp\/v2\/media?parent=7548"}],"curies":[{"name":"wp","href":"https:\/\/api.w.org\/{rel}","templated":true}]}}