{"id":7526,"date":"2020-04-07T08:39:10","date_gmt":"2020-04-07T08:39:10","guid":{"rendered":"https:\/\/evotek.md\/?post_type=product&#038;p=7526"},"modified":"2020-09-24T11:17:11","modified_gmt":"2020-09-24T11:17:11","slug":"tigaie-din-inox-acoperita-cu-teflon-o-28-%d1%81%d0%bc","status":"publish","type":"product","link":"https:\/\/evotek.md\/ro\/produse\/accesorii-si-inventar-bucatarie\/cratite-si-tigai\/tigai-din-inox-2\/tigaie-din-inox-acoperita-cu-teflon-o-28-%d1%81%d0%bc\/","title":{"rendered":"TIGAIE DIN INOX ACOPERIT\u0102 CU TEFLON \u00d8 28 \u0441\u043c -ST-014284"},"content":{"rendered":"<p><strong>TIGAIE<\/strong> <strong>DIN INOX ACOPERIT\u0102 CU TEFLON \u00d8 28 \u0441\u043c -ST-014284- <\/strong>Tigaie din inox cu un strat de teflon de 28 cm. \u00cen partea inferioar\u0103 a produsului este folosit\u0103 tehnologia multistrat, care asigur\u0103 o bun\u0103 conductibilitate termic\u0103. Acoperirea antiaderent\u0103 teflon previne lipirea. Fundul \u00eencapsulat (multistrat) ofer\u0103 rezisten\u021b\u0103 la coroziune. Produsul este compatibil cu toate tipurile de plite. Permis pentru utilizarea \u00een echipamentul de sp\u0103lat vase.<\/p>\n<p>Tigaie din inox cu un strat de teflon de 28 cm. \u00cen\u0103l\u021bime 48 mm.<\/p>\n","protected":false},"excerpt":{"rendered":"<p>Tigaie din inox cu un strat de teflon de 28 cm. \u00cen\u0103l\u021bime 48 mm.<\/p>\n","protected":false},"featured_media":17512,"template":"","meta":[],"_links":{"self":[{"href":"https:\/\/evotek.md\/ro\/wp-json\/wp\/v2\/product\/7526"}],"collection":[{"href":"https:\/\/evotek.md\/ro\/wp-json\/wp\/v2\/product"}],"about":[{"href":"https:\/\/evotek.md\/ro\/wp-json\/wp\/v2\/types\/product"}],"wp:featuredmedia":[{"embeddable":true,"href":"https:\/\/evotek.md\/ro\/wp-json\/wp\/v2\/media\/17512"}],"wp:attachment":[{"href":"https:\/\/evotek.md\/ro\/wp-json\/wp\/v2\/media?parent=7526"}],"curies":[{"name":"wp","href":"https:\/\/api.w.org\/{rel}","templated":true}]}}