{"id":7518,"date":"2020-04-07T08:31:01","date_gmt":"2020-04-07T08:31:01","guid":{"rendered":"https:\/\/evotek.md\/?post_type=product&#038;p=7518"},"modified":"2020-10-26T10:34:12","modified_gmt":"2020-10-26T10:34:12","slug":"tigaie-din-fonta-portionata-o-24x14-%d1%81%d0%bc","status":"publish","type":"product","link":"https:\/\/evotek.md\/ro\/produse\/accesorii-si-inventar-bucatarie\/cratite-si-tigai\/tigaie-din-fonta-portionata-o-24x14-%d1%81%d0%bc\/","title":{"rendered":"TIGAIE DIN FONT\u0102 POR\u021aIONAT\u0102 \u00d8 24&#215;14 \u0441\u043c -ST-049004"},"content":{"rendered":"<p><strong>TIGAIE DIN FONT\u0102 POR\u021aIONAT\u0102 \u00d8 24&#215;14 \u0441\u043c -ST-049004- <\/strong>Crati\u021b\u0103 por\u021bionat\u0103 din font\u0103 cu suport, cu diamtrul 24&#215;14 cm, ideal pentru servirea m\u00e2nc\u0103rurilor calde. Datorit\u0103 fundului gros, vasul se r\u0103ce\u0219te greu. Include un suport din lemn. Produsul este compatibil cu toate tipurile de plite. Permis pentru utilizarea \u00een echipamentul de sp\u0103lat vase.<\/p>\n<p>Crati\u021b\u0103 por\u021bionat\u0103 din font\u0103 cu suport, cu diamtrul de 24&#215;14 cm.<\/p>\n","protected":false},"excerpt":{"rendered":"<p>Crati\u021b\u0103 por\u021bionat\u0103 din font\u0103 cu suport, cu diamtrul de 24&#215;14 cm.<\/p>\n","protected":false},"featured_media":17523,"template":"","meta":[],"_links":{"self":[{"href":"https:\/\/evotek.md\/ro\/wp-json\/wp\/v2\/product\/7518"}],"collection":[{"href":"https:\/\/evotek.md\/ro\/wp-json\/wp\/v2\/product"}],"about":[{"href":"https:\/\/evotek.md\/ro\/wp-json\/wp\/v2\/types\/product"}],"wp:featuredmedia":[{"embeddable":true,"href":"https:\/\/evotek.md\/ro\/wp-json\/wp\/v2\/media\/17523"}],"wp:attachment":[{"href":"https:\/\/evotek.md\/ro\/wp-json\/wp\/v2\/media?parent=7518"}],"curies":[{"name":"wp","href":"https:\/\/api.w.org\/{rel}","templated":true}]}}