{"id":7508,"date":"2020-04-07T08:24:41","date_gmt":"2020-04-07T08:25:48","guid":{"rendered":"https:\/\/evotek.md\/?post_type=product&#038;p=7508"},"modified":"2023-03-16T12:18:06","modified_gmt":"2023-03-16T12:18:06","slug":"tigaie-din-aluminiu-o-280-%d0%bc%d0%bc","status":"publish","type":"product","link":"https:\/\/evotek.md\/ro\/produse\/accesorii-si-inventar-bucatarie\/cratite-si-tigai\/tigai-din-aluminiu-2\/tigaie-din-aluminiu-o-280-%d0%bc%d0%bc\/","title":{"rendered":"TIGAIE DIN ALUMINIU CU ACOPRIRE DIN TEFLON, \u00d8 280 \u043c\u043c -ST-35280"},"content":{"rendered":"<p><strong>TIGAIE DIN ALUMINIU CU ACOPRIRE DIN TEFLON, \u00d8 280 \u043c\u043c -ST-35280<\/strong>&#8211; Tigaie din aluminiu pentru plite cu induc\u021bie, cu diametrul de 280 mm. Tigaie antiaderent\u0103 acoperit\u0103 cu teflon original. Trei straturi de teflon rezistent la zg\u00e2rieturi previne aderen\u021ba. M\u00e2nerul din o\u021bel epoxidizat ofer\u0103 o rezisten\u021b\u0103 ridicat\u0103 la c\u0103ldur\u0103. Tigaia distribuie c\u0103ldura bine \u0219i rapid pe \u00eentreaga suprafa\u021b\u0103. Pute\u021bi pr\u0103ji cu pu\u021bin\u0103 gr\u0103sime. Potrivit pentru a g\u0103ti pe un aragaz cu induc\u021bie.<\/p>\n<p>Tigaie din aluminiu pentru plite cu induc\u021bie, cu diametrul de 280 mm.<\/p>\n","protected":false},"excerpt":{"rendered":"<p>Tigaie din aluminiu pentru plite cu induc\u021bie, cu diametrul de 280 mm.<\/p>\n","protected":false},"featured_media":17527,"template":"","meta":[],"_links":{"self":[{"href":"https:\/\/evotek.md\/ro\/wp-json\/wp\/v2\/product\/7508"}],"collection":[{"href":"https:\/\/evotek.md\/ro\/wp-json\/wp\/v2\/product"}],"about":[{"href":"https:\/\/evotek.md\/ro\/wp-json\/wp\/v2\/types\/product"}],"wp:featuredmedia":[{"embeddable":true,"href":"https:\/\/evotek.md\/ro\/wp-json\/wp\/v2\/media\/17527"}],"wp:attachment":[{"href":"https:\/\/evotek.md\/ro\/wp-json\/wp\/v2\/media?parent=7508"}],"curies":[{"name":"wp","href":"https:\/\/api.w.org\/{rel}","templated":true}]}}