{"id":7485,"date":"2020-04-06T16:59:50","date_gmt":"2020-04-06T16:59:50","guid":{"rendered":"https:\/\/evotek.md\/?post_type=product&#038;p=7485"},"modified":"2020-04-06T16:59:50","modified_gmt":"2020-04-06T16:59:50","slug":"cutit-cleaver-160-mm-st-213160","status":"publish","type":"product","link":"https:\/\/evotek.md\/ro\/produse\/accesorii-si-inventar-bucatarie\/cutite-bucatarie\/cutit-cleaver-160-mm-st-213160\/","title":{"rendered":"CU\u021aIT CLEAVER 160 mm -ST-213160"},"content":{"rendered":"<p><strong>CU\u021aIT CLEAVER 160 mm -ST-213160- <\/strong>Cu\u021bite profesionale de buc\u0103t\u0103rie de calitate european\u0103 pentru hoteluri, restaurante, cafenele \u0219i baruri. M\u00e2nerul cu\u021bitului este format din dou\u0103 tipuri de plastic: dur (ro\u0219u), fixat ferm pe lam\u0103 \u0219i moale (verde), cu o structur\u0103 special\u0103 pentru comoditate, ceea ce reduce la minimum posibilitatea de alunecare. Lama este destinat\u0103 utiliz\u0103rii profesionale: o\u021bel crom-molibden, duritate adecvat\u0103 (54-56 HRC), flexibilitate bun\u0103, propriet\u0103\u021bi bune de t\u0103iere, durabilitate, rezisten\u021b\u0103 la fractur\u0103.<\/p>\n<p>Caracteristici<\/p>\n<p>Lungime: 160 mm<\/p>\n<p>Culoare: verde cu ro\u0219u<\/p>\n<p>Poate fi sp\u0103lat \u00een ma\u0219ina de sp\u0103lat vase.<\/p>\n<p>&nbsp;<\/p>\n<p>&nbsp;<\/p>\n","protected":false},"excerpt":{"rendered":"<p>Cu\u021bit cleaver 160 mm. Culoare: verde cu ro\u0219u; Poate fi sp\u0103lat \u00een ma\u0219ina de sp\u0103lat vase.<\/p>\n","protected":false},"featured_media":7484,"template":"","meta":[],"_links":{"self":[{"href":"https:\/\/evotek.md\/ro\/wp-json\/wp\/v2\/product\/7485"}],"collection":[{"href":"https:\/\/evotek.md\/ro\/wp-json\/wp\/v2\/product"}],"about":[{"href":"https:\/\/evotek.md\/ro\/wp-json\/wp\/v2\/types\/product"}],"wp:featuredmedia":[{"embeddable":true,"href":"https:\/\/evotek.md\/ro\/wp-json\/wp\/v2\/media\/7484"}],"wp:attachment":[{"href":"https:\/\/evotek.md\/ro\/wp-json\/wp\/v2\/media?parent=7485"}],"curies":[{"name":"wp","href":"https:\/\/api.w.org\/{rel}","templated":true}]}}