{"id":7479,"date":"2020-04-06T16:45:08","date_gmt":"2020-04-06T16:52:35","guid":{"rendered":"https:\/\/evotek.md\/?post_type=product&#038;p=7479"},"modified":"2022-05-30T13:48:54","modified_gmt":"2022-05-30T13:48:54","slug":"cutit-cleaver-180-mm-st-283191","status":"publish","type":"product","link":"https:\/\/evotek.md\/ro\/produse\/accesorii-si-inventar-bucatarie\/cutite-bucatarie\/cutit-cleaver-180-mm-st-283191\/","title":{"rendered":"CU\u021aIT CLEAVER 180 mm -ST-283191"},"content":{"rendered":"<p><strong>CU\u021aIT CLEAVER 180 mm -ST-283191- <\/strong>Cu\u021bite profesionale de buc\u0103t\u0103rie de calitate european\u0103 pentru hoteluri, restaurante, cafenele \u0219i baruri.<\/p>\n<p>Caracteristici<\/p>\n<p>Lungime: 180 mm<\/p>\n<p>Culoare: ro\u0219u, galben<\/p>\n<p>Material: inox<\/p>\n<p>Poate fi sp\u0103lat \u00een ma\u0219ina de sp\u0103lat vase.<\/p>\n<p>&nbsp;<\/p>\n","protected":false},"excerpt":{"rendered":"<p>Cu\u021bit cleaver 180 mm. Material: inox; Culoare: ro\u0219u, galben; Poate fi sp\u0103lat \u00een ma\u0219ina de sp\u0103lat vase.<\/p>\n","protected":false},"featured_media":7476,"template":"","meta":[],"_links":{"self":[{"href":"https:\/\/evotek.md\/ro\/wp-json\/wp\/v2\/product\/7479"}],"collection":[{"href":"https:\/\/evotek.md\/ro\/wp-json\/wp\/v2\/product"}],"about":[{"href":"https:\/\/evotek.md\/ro\/wp-json\/wp\/v2\/types\/product"}],"wp:featuredmedia":[{"embeddable":true,"href":"https:\/\/evotek.md\/ro\/wp-json\/wp\/v2\/media\/7476"}],"wp:attachment":[{"href":"https:\/\/evotek.md\/ro\/wp-json\/wp\/v2\/media?parent=7479"}],"curies":[{"name":"wp","href":"https:\/\/api.w.org\/{rel}","templated":true}]}}