{"id":7470,"date":"2020-04-06T16:30:25","date_gmt":"2020-04-06T16:31:09","guid":{"rendered":"https:\/\/evotek.md\/?post_type=product&#038;p=7470"},"modified":"2023-02-22T11:19:49","modified_gmt":"2023-02-22T11:19:49","slug":"st-227250","status":"publish","type":"product","link":"https:\/\/evotek.md\/ro\/produse\/accesorii-si-inventar-bucatarie\/cutite-bucatarie\/st-227250\/","title":{"rendered":"FOARFECA PENTRU PASARI 250 mm -ST-227250"},"content":{"rendered":"<p><strong>FOARFECA PENTRU PASARI 250 mm -ST-227250- <\/strong>Foarfecele de buc\u0103t\u0103rie sunt fabricate din materiale de \u00eenalt\u0103 calitate. Lama ascu\u021bita a produsului este proiectat\u0103 pentru o t\u0103iere precis\u0103 \u0219i cu acurate\u021be. Este convenabil de \u021binut \u00een m\u00e2n\u0103 m\u00e2nerele av\u00e2ndcu o suprafa\u021b\u0103 antiderapant\u0103. Potrivit pentru utilizare cu m\u00e2na st\u00e2ng\u0103 \u0219i dreapt\u0103.<\/p>\n<p>Caracteristici<\/p>\n<p>Lungime: 250 mm<\/p>\n<p>Material: inox<\/p>\n<p>Poate fi sp\u0103lat \u00een ma\u0219ina de sp\u0103lat vase.<\/p>\n<p>&nbsp;<\/p>\n<p>&nbsp;<\/p>\n","protected":false},"excerpt":{"rendered":"<p>Foarfec\u0103 pentru p\u0103s\u0103ri de curte 250 mm. Material: inox; Poate fi sp\u0103lat \u00een ma\u0219ina de sp\u0103lat vase.<\/p>\n","protected":false},"featured_media":7469,"template":"","meta":[],"_links":{"self":[{"href":"https:\/\/evotek.md\/ro\/wp-json\/wp\/v2\/product\/7470"}],"collection":[{"href":"https:\/\/evotek.md\/ro\/wp-json\/wp\/v2\/product"}],"about":[{"href":"https:\/\/evotek.md\/ro\/wp-json\/wp\/v2\/types\/product"}],"wp:featuredmedia":[{"embeddable":true,"href":"https:\/\/evotek.md\/ro\/wp-json\/wp\/v2\/media\/7469"}],"wp:attachment":[{"href":"https:\/\/evotek.md\/ro\/wp-json\/wp\/v2\/media?parent=7470"}],"curies":[{"name":"wp","href":"https:\/\/api.w.org\/{rel}","templated":true}]}}