{"id":7455,"date":"2020-04-06T16:13:33","date_gmt":"2020-04-06T16:13:33","guid":{"rendered":"https:\/\/evotek.md\/?post_type=product&#038;p=7455"},"modified":"2020-04-06T16:32:19","modified_gmt":"2020-04-06T16:32:19","slug":"foarfeca-pentru-verdeturi-200-mm-st-227200","status":"publish","type":"product","link":"https:\/\/evotek.md\/ro\/produse\/accesorii-si-inventar-bucatarie\/cutite-bucatarie\/foarfeca-pentru-verdeturi-200-mm-st-227200\/","title":{"rendered":"FOARFEC\u0102 PENTRU VERDE\u021aURI 200 mm -ST-227200"},"content":{"rendered":"<p><strong>FOARFEC\u0102 PENTRU VERDE\u021aURI 200 mm -ST-227200- <\/strong>Foarfecele de buc\u0103t\u0103rie sunt fabricate din materiale de \u00eenalt\u0103 calitate. Lama ascu\u021bita a produsului este proiectat\u0103 pentru o t\u0103iere precis\u0103 \u0219i cu acurate\u021be. Este convenabil de \u021binut \u00een m\u00e2n\u0103 m\u00e2nerele av\u00e2ndcu o suprafa\u021b\u0103 antiderapant\u0103. Potrivit pentru utilizare cu m\u00e2na st\u00e2ng\u0103 \u0219i dreapt\u0103.<\/p>\n<p>Caracteristici<\/p>\n<p>Lungime: 200 mm<\/p>\n<p>Poate fi sp\u0103lat \u00een ma\u0219ina de sp\u0103lat vase.<\/p>\n<p>&nbsp;<\/p>\n<p>&nbsp;<\/p>\n","protected":false},"excerpt":{"rendered":"<p>Foarfec\u0103 pentru verde\u021buri 200 mm. Poate fi sp\u0103lat \u00een ma\u0219ina de sp\u0103lat vase.<\/p>\n","protected":false},"featured_media":7454,"template":"","meta":[],"_links":{"self":[{"href":"https:\/\/evotek.md\/ro\/wp-json\/wp\/v2\/product\/7455"}],"collection":[{"href":"https:\/\/evotek.md\/ro\/wp-json\/wp\/v2\/product"}],"about":[{"href":"https:\/\/evotek.md\/ro\/wp-json\/wp\/v2\/types\/product"}],"wp:featuredmedia":[{"embeddable":true,"href":"https:\/\/evotek.md\/ro\/wp-json\/wp\/v2\/media\/7454"}],"wp:attachment":[{"href":"https:\/\/evotek.md\/ro\/wp-json\/wp\/v2\/media?parent=7455"}],"curies":[{"name":"wp","href":"https:\/\/api.w.org\/{rel}","templated":true}]}}