{"id":7450,"date":"2020-04-06T16:08:28","date_gmt":"2020-04-06T16:08:28","guid":{"rendered":"https:\/\/evotek.md\/?post_type=product&#038;p=7450"},"modified":"2020-04-06T16:33:12","modified_gmt":"2020-04-06T16:33:12","slug":"foarfeca-pentru-pasari-de-curte-240-mm-st-227240","status":"publish","type":"product","link":"https:\/\/evotek.md\/ro\/produse\/accesorii-si-inventar-bucatarie\/cutite-bucatarie\/foarfeca-pentru-pasari-de-curte-240-mm-st-227240\/","title":{"rendered":"FOARFEC\u0102 PENTRU P\u0102S\u0102RI DE CURTE 240 mm -ST-227240"},"content":{"rendered":"<p><strong>FOARFEC\u0102 PENTRU P\u0102S\u0102RI DE CURTE 240 mm -ST-227240- <\/strong>\u041a\u0443\u0445\u043e\u043d\u043d\u044b\u0435 \u043d\u043e\u0436\u043d\u0438\u0446\u044b \u0438\u0437\u0433\u043e\u0442\u043e\u0432\u043b\u0435\u043d\u044b \u0438\u0437 \u0432\u044b\u0441\u043e\u043a\u043e\u043a\u0430\u0447\u0435\u0441\u0442\u0432\u0435\u043d\u043d\u044b\u0445 \u043c\u0430\u0442\u0435\u0440\u0438\u0430\u043b\u043e\u0432. \u041e\u0441\u0442\u0440\u044b\u0435 \u043b\u0435\u0437\u0432\u0438\u044f \u0438\u0437\u0434\u0435\u043b\u0438\u044f \u043f\u0440\u0435\u0434\u043d\u0430\u0437\u043d\u0430\u0447\u0435\u043d\u044b \u0434\u043b\u044f \u0442\u043e\u0447\u043d\u043e\u0433\u043e \u0438 \u0430\u043a\u043a\u0443\u0440\u0430\u0442\u043d\u043e\u0433\u043e \u0440\u0435\u0437\u0430\u043d\u0438\u044f. \u0423\u0434\u043e\u0431\u043d\u043e \u0434\u0435\u0440\u0436\u0430\u0442\u044c \u0432 \u0440\u0443\u043a\u0435 \u0440\u0443\u0447\u043a\u0438 \u0441 \u043d\u0435 \u0441\u043a\u043e\u043b\u044c\u0437\u044f\u0449\u0435\u0439 \u043f\u043e\u0432\u0435\u0440\u0445\u043d\u043e\u0441\u0442\u044c\u044e. \u041f\u043e\u0434\u0445\u043e\u0434\u044f\u0442 \u0434\u043b\u044f \u0438\u0441\u043f\u043e\u043b\u044c\u0437\u043e\u0432\u0430\u043d\u0438\u044f \u043b\u0435\u0432\u043e\u0439 \u0438 \u043f\u0440\u0430\u0432\u043e\u0439 \u0440\u0443\u043a\u043e\u0439.<\/p>\n<p>Caracteristici<\/p>\n<p>Lungime: 240 mm<\/p>\n<p>Material: inox<\/p>\n<p>Poate fi sp\u0103lat \u00een ma\u0219ina de sp\u0103lat vase.<\/p>\n<p>&nbsp;<\/p>\n<p>&nbsp;<\/p>\n","protected":false},"excerpt":{"rendered":"<p>Foarfec\u0103 pentru p\u0103s\u0103ri de curte 240 mm. Material: inox; Poate fi sp\u0103lat \u00een ma\u0219ina de sp\u0103lat vase.<\/p>\n","protected":false},"featured_media":7449,"template":"","meta":[],"_links":{"self":[{"href":"https:\/\/evotek.md\/ro\/wp-json\/wp\/v2\/product\/7450"}],"collection":[{"href":"https:\/\/evotek.md\/ro\/wp-json\/wp\/v2\/product"}],"about":[{"href":"https:\/\/evotek.md\/ro\/wp-json\/wp\/v2\/types\/product"}],"wp:featuredmedia":[{"embeddable":true,"href":"https:\/\/evotek.md\/ro\/wp-json\/wp\/v2\/media\/7449"}],"wp:attachment":[{"href":"https:\/\/evotek.md\/ro\/wp-json\/wp\/v2\/media?parent=7450"}],"curies":[{"name":"wp","href":"https:\/\/api.w.org\/{rel}","templated":true}]}}