{"id":7441,"date":"2020-04-06T15:54:02","date_gmt":"2020-04-06T15:54:02","guid":{"rendered":"https:\/\/evotek.md\/?post_type=product&#038;p=7441"},"modified":"2020-04-06T15:54:02","modified_gmt":"2020-04-06T15:54:02","slug":"cutit-pentru-dezosat-130-mm-st-283131","status":"publish","type":"product","link":"https:\/\/evotek.md\/ro\/produse\/accesorii-si-inventar-bucatarie\/cutite-bucatarie\/cutit-pentru-dezosat-130-mm-st-283131\/","title":{"rendered":"CU\u021aIT PENTRU DEZOSAT 130 mm -ST-283131"},"content":{"rendered":"<p><strong>CU\u021aIT PENTRU <\/strong><strong>DEZOSAT<\/strong> <strong>130 mm -ST-283131- <\/strong>Cu\u021bite profesionale de buc\u0103t\u0103rie de calitate european\u0103 pentru hoteluri, restaurante, cafenele \u0219i baruri.<\/p>\n<p>Caracteristici<\/p>\n<p>Lungime: 130 mm<\/p>\n<p>Culoare: ro\u0219u<\/p>\n<p>Poate fi sp\u0103lat \u00een ma\u0219ina de sp\u0103lat vase.<\/p>\n<p>&nbsp;<\/p>\n","protected":false},"excerpt":{"rendered":"<p>Cu\u021bit pentru dezosat 130 mm. Culoare: ro\u0219u; Poate fi sp\u0103lat \u00een ma\u0219ina de sp\u0103lat vase.<\/p>\n","protected":false},"featured_media":7440,"template":"","meta":[],"_links":{"self":[{"href":"https:\/\/evotek.md\/ro\/wp-json\/wp\/v2\/product\/7441"}],"collection":[{"href":"https:\/\/evotek.md\/ro\/wp-json\/wp\/v2\/product"}],"about":[{"href":"https:\/\/evotek.md\/ro\/wp-json\/wp\/v2\/types\/product"}],"wp:featuredmedia":[{"embeddable":true,"href":"https:\/\/evotek.md\/ro\/wp-json\/wp\/v2\/media\/7440"}],"wp:attachment":[{"href":"https:\/\/evotek.md\/ro\/wp-json\/wp\/v2\/media?parent=7441"}],"curies":[{"name":"wp","href":"https:\/\/api.w.org\/{rel}","templated":true}]}}