{"id":7435,"date":"2020-04-06T15:50:40","date_gmt":"2020-04-06T15:50:40","guid":{"rendered":"https:\/\/evotek.md\/?post_type=product&#038;p=7435"},"modified":"2020-04-06T15:50:41","modified_gmt":"2020-04-06T15:50:41","slug":"cutit-pentru-dezosat-150-mm-st-283151","status":"publish","type":"product","link":"https:\/\/evotek.md\/ro\/produse\/accesorii-si-inventar-bucatarie\/cutite-bucatarie\/cutit-pentru-dezosat-150-mm-st-283151\/","title":{"rendered":"CU\u021aIT PENTRU DEZOSAT 150 mm -ST-283151"},"content":{"rendered":"<p><strong>CU\u021aIT PENTRU <\/strong><strong>DEZOSAT<\/strong> <strong>1<\/strong><strong>5<\/strong><strong>0 mm -ST-283151- <\/strong>Cu\u021bite profesionale de buc\u0103t\u0103rie de calitate european\u0103 pentru hoteluri, restaurante, cafenele \u0219i baruri.<\/p>\n<p>Caracteristici<\/p>\n<p>Lungime: 150 mm<\/p>\n<p>Culoare: ro\u0219u<\/p>\n<p>Poate fi sp\u0103lat \u00een ma\u0219ina de sp\u0103lat vase.<\/p>\n<p>&nbsp;<\/p>\n<p>&nbsp;<\/p>\n","protected":false},"excerpt":{"rendered":"<p>Cu\u021bit pentru dezosat 150 mm. Culoare: ro\u0219u; Poate fi sp\u0103lat \u00een ma\u0219ina de sp\u0103lat vase.<\/p>\n","protected":false},"featured_media":7434,"template":"","meta":[],"_links":{"self":[{"href":"https:\/\/evotek.md\/ro\/wp-json\/wp\/v2\/product\/7435"}],"collection":[{"href":"https:\/\/evotek.md\/ro\/wp-json\/wp\/v2\/product"}],"about":[{"href":"https:\/\/evotek.md\/ro\/wp-json\/wp\/v2\/types\/product"}],"wp:featuredmedia":[{"embeddable":true,"href":"https:\/\/evotek.md\/ro\/wp-json\/wp\/v2\/media\/7434"}],"wp:attachment":[{"href":"https:\/\/evotek.md\/ro\/wp-json\/wp\/v2\/media?parent=7435"}],"curies":[{"name":"wp","href":"https:\/\/api.w.org\/{rel}","templated":true}]}}