{"id":7430,"date":"2020-04-06T15:42:30","date_gmt":"2020-04-06T15:42:30","guid":{"rendered":"https:\/\/evotek.md\/?post_type=product&#038;p=7430"},"modified":"2020-04-06T15:42:30","modified_gmt":"2020-04-06T15:42:30","slug":"cutit-pentru-indepartarea-oaselor-curbat-160-mm-st-208160","status":"publish","type":"product","link":"https:\/\/evotek.md\/ro\/produse\/accesorii-si-inventar-bucatarie\/cutite-bucatarie\/cutit-pentru-indepartarea-oaselor-curbat-160-mm-st-208160\/","title":{"rendered":"CU\u021aIT PENTRU \u00ceNDEP\u0102RTAREA OASELOR CURBAT 160 mm -ST-208160"},"content":{"rendered":"<p><strong>CU\u021aIT PENTRU \u00ceNDEP\u0102RTAREA OASELOR CURBAT 160 mm -ST-208160- <\/strong>Cu\u021bite profesionale de buc\u0103t\u0103rie de calitate european\u0103 pentru hoteluri, restaurante, cafenele \u0219i baruri.<\/p>\n<p>Caracteristici<\/p>\n<p>Lungime: 160 mm<\/p>\n<p>Culoare: verde<\/p>\n<p>Poate fi sp\u0103lat \u00een ma\u0219ina de sp\u0103lat vase.<\/p>\n<p>&nbsp;<\/p>\n","protected":false},"excerpt":{"rendered":"<p>Cu\u021bit pentru \u00eendep\u0103rtarea oaselor, curbat 160 mm. Culoare: verde; Poate fi sp\u0103lat \u00een ma\u0219ina de sp\u0103lat vase.<\/p>\n","protected":false},"featured_media":7429,"template":"","meta":[],"_links":{"self":[{"href":"https:\/\/evotek.md\/ro\/wp-json\/wp\/v2\/product\/7430"}],"collection":[{"href":"https:\/\/evotek.md\/ro\/wp-json\/wp\/v2\/product"}],"about":[{"href":"https:\/\/evotek.md\/ro\/wp-json\/wp\/v2\/types\/product"}],"wp:featuredmedia":[{"embeddable":true,"href":"https:\/\/evotek.md\/ro\/wp-json\/wp\/v2\/media\/7429"}],"wp:attachment":[{"href":"https:\/\/evotek.md\/ro\/wp-json\/wp\/v2\/media?parent=7430"}],"curies":[{"name":"wp","href":"https:\/\/api.w.org\/{rel}","templated":true}]}}