{"id":7407,"date":"2020-04-06T14:13:55","date_gmt":"2020-04-06T14:13:55","guid":{"rendered":"https:\/\/evotek.md\/?post_type=product&#038;p=7407"},"modified":"2020-04-06T14:13:55","modified_gmt":"2020-04-06T14:13:55","slug":"cutit-pentru-bucatar-200-mm-st-218209","status":"publish","type":"product","link":"https:\/\/evotek.md\/ro\/produse\/accesorii-si-inventar-bucatarie\/cutite-bucatarie\/cutit-pentru-bucatar-200-mm-st-218209\/","title":{"rendered":"CU\u021aIT PENTRU BUC\u0102TAR 200 mm -ST-218209"},"content":{"rendered":"<p><strong>CU\u021aIT PENTRU BUC\u0102TAR 200 mm -ST-218209- <\/strong>Cu\u021bite profesionale de buc\u0103t\u0103rie de calitate european\u0103 pentru hoteluri, restaurante, cafenele \u0219i baruri.<\/p>\n<p>Caracteristici<\/p>\n<p>Lungime: 200 mm<\/p>\n<p>Culoare: anegru<\/p>\n<p>Poate fi sp\u0103lat \u00een ma\u0219ina de sp\u0103lat vase.<\/p>\n<p>&nbsp;<\/p>\n<p>&nbsp;<\/p>\n","protected":false},"excerpt":{"rendered":"<p>Cu\u021bit pentru buc\u0103tar 200 mm. Culoare: negru; Poate fi sp\u0103lat \u00een ma\u0219ina de sp\u0103lat vase.<\/p>\n","protected":false},"featured_media":7406,"template":"","meta":[],"_links":{"self":[{"href":"https:\/\/evotek.md\/ro\/wp-json\/wp\/v2\/product\/7407"}],"collection":[{"href":"https:\/\/evotek.md\/ro\/wp-json\/wp\/v2\/product"}],"about":[{"href":"https:\/\/evotek.md\/ro\/wp-json\/wp\/v2\/types\/product"}],"wp:featuredmedia":[{"embeddable":true,"href":"https:\/\/evotek.md\/ro\/wp-json\/wp\/v2\/media\/7406"}],"wp:attachment":[{"href":"https:\/\/evotek.md\/ro\/wp-json\/wp\/v2\/media?parent=7407"}],"curies":[{"name":"wp","href":"https:\/\/api.w.org\/{rel}","templated":true}]}}