{"id":7387,"date":"2020-04-06T14:00:11","date_gmt":"2020-04-06T14:00:11","guid":{"rendered":"https:\/\/evotek.md\/?post_type=product&#038;p=7387"},"modified":"2020-04-06T14:00:11","modified_gmt":"2020-04-06T14:00:11","slug":"cutit-pentru-bucatar-200-mm-st-283201","status":"publish","type":"product","link":"https:\/\/evotek.md\/ro\/produse\/accesorii-si-inventar-bucatarie\/cutite-bucatarie\/cutit-pentru-bucatar-200-mm-st-283201\/","title":{"rendered":"CU\u021aIT PENTRU BUC\u0102TAR 200 mm -ST-283201"},"content":{"rendered":"<p><strong>CU\u021aIT PENTRU BUC\u0102TAR 200 mm -ST-283201- <\/strong>Cu\u021bite profesionale de buc\u0103t\u0103rie de calitate european\u0103 pentru hoteluri, restaurante, cafenele \u0219i baruri.<\/p>\n<p>Caracteristici<\/p>\n<p>Lungime: 200 mm<\/p>\n<p>Culoare: ro\u0219u, maro, verde<\/p>\n<p>Poate fi sp\u0103lat \u00een ma\u0219ina de sp\u0103lat vase.<\/p>\n<p>&nbsp;<\/p>\n","protected":false},"excerpt":{"rendered":"<p>Cu\u021bit pentru buc\u0103tar 200 mm. Culoare: ro\u0219u, maro, verde; Poate fi sp\u0103lat \u00een ma\u0219ina de sp\u0103lat vase.<\/p>\n","protected":false},"featured_media":7386,"template":"","meta":[],"_links":{"self":[{"href":"https:\/\/evotek.md\/ro\/wp-json\/wp\/v2\/product\/7387"}],"collection":[{"href":"https:\/\/evotek.md\/ro\/wp-json\/wp\/v2\/product"}],"about":[{"href":"https:\/\/evotek.md\/ro\/wp-json\/wp\/v2\/types\/product"}],"wp:featuredmedia":[{"embeddable":true,"href":"https:\/\/evotek.md\/ro\/wp-json\/wp\/v2\/media\/7386"}],"wp:attachment":[{"href":"https:\/\/evotek.md\/ro\/wp-json\/wp\/v2\/media?parent=7387"}],"curies":[{"name":"wp","href":"https:\/\/api.w.org\/{rel}","templated":true}]}}