{"id":7357,"date":"2020-04-06T13:20:44","date_gmt":"2020-04-06T13:20:44","guid":{"rendered":"https:\/\/evotek.md\/?post_type=product&#038;p=7357"},"modified":"2020-04-06T13:20:44","modified_gmt":"2020-04-06T13:20:44","slug":"cutit-pentru-dezosat-140-mm-st-209148","status":"publish","type":"product","link":"https:\/\/evotek.md\/ro\/produse\/accesorii-si-inventar-bucatarie\/cutite-bucatarie\/cutit-pentru-dezosat-140-mm-st-209148\/","title":{"rendered":"CU\u021aIT PENTRU DEZOSAT 140 mm -ST-209148"},"content":{"rendered":"<p><strong>CU\u021aIT PENTRU DEZOSAT 140 mm -ST-209148- <\/strong>Cu\u021bite profesionale de buc\u0103t\u0103rie de calitate european\u0103 pentru hoteluri, restaurante, cafenele \u0219i baruri.<\/p>\n<p>Caracteristici<\/p>\n<p>Lungime: 140 mm<\/p>\n<p>Culoare: negru<\/p>\n<p>Poate fi sp\u0103lat \u00een ma\u0219ina de sp\u0103lat vase.<\/p>\n<p>&nbsp;<\/p>\n","protected":false},"excerpt":{"rendered":"<p>Cu\u021bit pentru dezosat 140 mm. Culoare: negru; Poate fi sp\u0103lat \u00een ma\u0219ina de sp\u0103lat vase.<\/p>\n","protected":false},"featured_media":7356,"template":"","meta":[],"_links":{"self":[{"href":"https:\/\/evotek.md\/ro\/wp-json\/wp\/v2\/product\/7357"}],"collection":[{"href":"https:\/\/evotek.md\/ro\/wp-json\/wp\/v2\/product"}],"about":[{"href":"https:\/\/evotek.md\/ro\/wp-json\/wp\/v2\/types\/product"}],"wp:featuredmedia":[{"embeddable":true,"href":"https:\/\/evotek.md\/ro\/wp-json\/wp\/v2\/media\/7356"}],"wp:attachment":[{"href":"https:\/\/evotek.md\/ro\/wp-json\/wp\/v2\/media?parent=7357"}],"curies":[{"name":"wp","href":"https:\/\/api.w.org\/{rel}","templated":true}]}}