{"id":7341,"date":"2020-04-06T13:07:18","date_gmt":"2020-04-06T13:08:21","guid":{"rendered":"https:\/\/evotek.md\/?post_type=product&#038;p=7341"},"modified":"2023-07-07T09:38:36","modified_gmt":"2023-07-07T09:38:36","slug":"cutit-pentru-dezosat-160-mm-st-282154","status":"publish","type":"product","link":"https:\/\/evotek.md\/ro\/produse\/accesorii-si-inventar-bucatarie\/cutite-bucatarie\/cutit-pentru-dezosat-160-mm-st-282154\/","title":{"rendered":"CUTIT PENTRU BUCATARIE, ALBASTRU 160 mm -ST-282154"},"content":{"rendered":"<p><strong>CUTIT PENTRU BUCATARIE, ALBASTRU 160 mm -ST-282154- <\/strong>Cu\u021bite profesionale de buc\u0103t\u0103rie de calitate european\u0103 pentru hoteluri, restaurante, cafenele \u0219i baruri.<\/p>\n<p>Caracteristici<\/p>\n<p>Lungime: 160 mm<\/p>\n<p>Culoare: albastru<\/p>\n<p>Poate fi sp\u0103lat \u00een ma\u0219ina de sp\u0103lat vase.<\/p>\n<p>&nbsp;<\/p>\n<p>&nbsp;<\/p>\n","protected":false},"excerpt":{"rendered":"<p>Cu\u021bit pentru dezosat 160 mm. Culoare: albastru; Poate fi sp\u0103lat \u00een ma\u0219ina de sp\u0103lat vase.<\/p>\n","protected":false},"featured_media":7340,"template":"","meta":[],"_links":{"self":[{"href":"https:\/\/evotek.md\/ro\/wp-json\/wp\/v2\/product\/7341"}],"collection":[{"href":"https:\/\/evotek.md\/ro\/wp-json\/wp\/v2\/product"}],"about":[{"href":"https:\/\/evotek.md\/ro\/wp-json\/wp\/v2\/types\/product"}],"wp:featuredmedia":[{"embeddable":true,"href":"https:\/\/evotek.md\/ro\/wp-json\/wp\/v2\/media\/7340"}],"wp:attachment":[{"href":"https:\/\/evotek.md\/ro\/wp-json\/wp\/v2\/media?parent=7341"}],"curies":[{"name":"wp","href":"https:\/\/api.w.org\/{rel}","templated":true}]}}