{"id":7312,"date":"2020-04-06T12:29:18","date_gmt":"2020-04-06T12:29:18","guid":{"rendered":"https:\/\/evotek.md\/?post_type=product&#038;p=7312"},"modified":"2020-04-06T12:29:18","modified_gmt":"2020-04-06T12:29:18","slug":"cutit-de-macelarie-200-mm-st-283105","status":"publish","type":"product","link":"https:\/\/evotek.md\/ro\/produse\/accesorii-si-inventar-bucatarie\/cutite-bucatarie\/cutit-de-macelarie-200-mm-st-283105\/","title":{"rendered":"CU\u021aIT DE M\u0102CEL\u0102RIE 200 mm -ST-283105"},"content":{"rendered":"<p><strong>CU\u021aIT DE M\u0102CEL\u0102RIE 200 mm -ST-283105- <\/strong>Cu\u021bite profesionale de buc\u0103t\u0103rie de calitate european\u0103 pentru hoteluri, restaurante, cafenele \u0219i baruri.<\/p>\n<p>Caracteristici<\/p>\n<p>Lungime: 200 mm<\/p>\n<p>Culoare: galben<\/p>\n<p>Poate fi sp\u0103lat \u00een ma\u0219ina de sp\u0103lat vase.<\/p>\n<p>&nbsp;<\/p>\n<p>&nbsp;<\/p>\n","protected":false},"excerpt":{"rendered":"<p>Cu\u021bit de m\u0103cel\u0103rie 200 mm. Culoare: galben; Poate fi sp\u0103lat \u00een ma\u0219ina de sp\u0103lat vase.<\/p>\n","protected":false},"featured_media":7311,"template":"","meta":[],"_links":{"self":[{"href":"https:\/\/evotek.md\/ro\/wp-json\/wp\/v2\/product\/7312"}],"collection":[{"href":"https:\/\/evotek.md\/ro\/wp-json\/wp\/v2\/product"}],"about":[{"href":"https:\/\/evotek.md\/ro\/wp-json\/wp\/v2\/types\/product"}],"wp:featuredmedia":[{"embeddable":true,"href":"https:\/\/evotek.md\/ro\/wp-json\/wp\/v2\/media\/7311"}],"wp:attachment":[{"href":"https:\/\/evotek.md\/ro\/wp-json\/wp\/v2\/media?parent=7312"}],"curies":[{"name":"wp","href":"https:\/\/api.w.org\/{rel}","templated":true}]}}