{"id":7302,"date":"2020-04-06T12:21:18","date_gmt":"2020-04-06T12:21:18","guid":{"rendered":"https:\/\/evotek.md\/?post_type=product&#038;p=7302"},"modified":"2020-04-06T12:21:18","modified_gmt":"2020-04-06T12:21:18","slug":"cutit-de-macelarie-300-mm-st-284301","status":"publish","type":"product","link":"https:\/\/evotek.md\/ro\/produse\/accesorii-si-inventar-bucatarie\/cutite-bucatarie\/cutit-de-macelarie-300-mm-st-284301\/","title":{"rendered":"CU\u021aIT DE M\u0102CEL\u0102RIE 300 mm -ST-284301"},"content":{"rendered":"<p><strong>CU\u021aIT DE M\u0102CEL\u0102RIE 300 mm -ST-284301- <\/strong>Cu\u021bite profesionale de buc\u0103t\u0103rie de calitate european\u0103 pentru hoteluri, restaurante, cafenele \u0219i baruri.<\/p>\n<p>Caracteristici<\/p>\n<p>Lungime: 300 mm<\/p>\n<p>Culoare: ro\u0219u<\/p>\n<p>Poate fi sp\u0103lat \u00een ma\u0219ina de sp\u0103lat vase.<\/p>\n<p>Cu\u021bit de m\u0103cel\u0103rie 300 mm. Culoare: ro\u0219u; Poate fi sp\u0103lat \u00een ma\u0219ina de sp\u0103lat vase.<\/p>\n","protected":false},"excerpt":{"rendered":"<p>Cu\u021bit de m\u0103cel\u0103rie 300 mm. Culoare: ro\u0219u; Poate fi sp\u0103lat \u00een ma\u0219ina de sp\u0103lat vase.<\/p>\n","protected":false},"featured_media":7301,"template":"","meta":[],"_links":{"self":[{"href":"https:\/\/evotek.md\/ro\/wp-json\/wp\/v2\/product\/7302"}],"collection":[{"href":"https:\/\/evotek.md\/ro\/wp-json\/wp\/v2\/product"}],"about":[{"href":"https:\/\/evotek.md\/ro\/wp-json\/wp\/v2\/types\/product"}],"wp:featuredmedia":[{"embeddable":true,"href":"https:\/\/evotek.md\/ro\/wp-json\/wp\/v2\/media\/7301"}],"wp:attachment":[{"href":"https:\/\/evotek.md\/ro\/wp-json\/wp\/v2\/media?parent=7302"}],"curies":[{"name":"wp","href":"https:\/\/api.w.org\/{rel}","templated":true}]}}