{"id":7287,"date":"2020-04-06T12:03:35","date_gmt":"2020-04-06T12:03:35","guid":{"rendered":"https:\/\/evotek.md\/?post_type=product&#038;p=7287"},"modified":"2020-04-06T12:03:50","modified_gmt":"2020-04-06T12:03:50","slug":"cutit-de-macelarie-180-mm-st-284184","status":"publish","type":"product","link":"https:\/\/evotek.md\/ro\/produse\/accesorii-si-inventar-bucatarie\/cutite-bucatarie\/cutit-de-macelarie-180-mm-st-284184\/","title":{"rendered":"CU\u021aIT DE M\u0102CEL\u0102RIE 180 mm -ST-284184"},"content":{"rendered":"<p><strong>CU\u021aIT DE M\u0102CEL\u0102RIE 180 mm -ST-284184- <\/strong>Cu\u021bite profesionale de buc\u0103t\u0103rie de calitate european\u0103 pentru hoteluri, restaurante, cafenele \u0219i baruri.<\/p>\n<p>Caracteristici<\/p>\n<p>Lungime: 180 mm<\/p>\n<p>Culoare: albastru, verde, ro\u0219u, maro, galben, alb<\/p>\n<p>Poate fi sp\u0103lat \u00een ma\u0219ina de sp\u0103lat vase.<\/p>\n<p>&nbsp;<\/p>\n","protected":false},"excerpt":{"rendered":"<p>Cu\u021bit de m\u0103cel\u0103rie 180 mm. Culoare: albastru, verde, ro\u0219u, maro, galben, alb; Poate fi sp\u0103lat \u00een ma\u0219ina de sp\u0103lat vase.<\/p>\n","protected":false},"featured_media":7286,"template":"","meta":[],"_links":{"self":[{"href":"https:\/\/evotek.md\/ro\/wp-json\/wp\/v2\/product\/7287"}],"collection":[{"href":"https:\/\/evotek.md\/ro\/wp-json\/wp\/v2\/product"}],"about":[{"href":"https:\/\/evotek.md\/ro\/wp-json\/wp\/v2\/types\/product"}],"wp:featuredmedia":[{"embeddable":true,"href":"https:\/\/evotek.md\/ro\/wp-json\/wp\/v2\/media\/7286"}],"wp:attachment":[{"href":"https:\/\/evotek.md\/ro\/wp-json\/wp\/v2\/media?parent=7287"}],"curies":[{"name":"wp","href":"https:\/\/api.w.org\/{rel}","templated":true}]}}