{"id":7257,"date":"2020-04-06T11:11:47","date_gmt":"2020-04-06T11:11:47","guid":{"rendered":"https:\/\/evotek.md\/?post_type=product&#038;p=7257"},"modified":"2020-04-06T11:11:47","modified_gmt":"2020-04-06T11:11:47","slug":"cutit-pentru-separarea-oaselor-180-mm-st-204199","status":"publish","type":"product","link":"https:\/\/evotek.md\/ro\/produse\/accesorii-si-inventar-bucatarie\/cutite-bucatarie\/cutit-pentru-separarea-oaselor-180-mm-st-204199\/","title":{"rendered":"CU\u021aIT PENTRU SEPARAREA OASELOR 180 mm -ST- 204199"},"content":{"rendered":"<p><strong>CU\u021aIT PENTRU SEPARAREA OASELOR 180 mm -ST-<\/strong> <strong>204199- <\/strong>Cu\u021bite profesionale de buc\u0103t\u0103rie de calitate european\u0103 pentru hoteluri, restaurante, cafenele \u0219i baruri.<\/p>\n<p>Caracteristici<\/p>\n<p>Lungime: 180 mm<\/p>\n<p>Duritatea lamei: 52-54 HRC<\/p>\n<p>Culoare: negru<\/p>\n<p>Poate fi sp\u0103lat \u00een ma\u0219ina de sp\u0103lat vase.<\/p>\n<p>&nbsp;<\/p>\n","protected":false},"excerpt":{"rendered":"<p>Cu\u021bit pentru separarea oaselor 180 mm. Duritatea lamei: 52-54 HRC; Culoare: negru; Poate fi sp\u0103lat \u00een ma\u0219ina de sp\u0103lat vase.<\/p>\n","protected":false},"featured_media":7252,"template":"","meta":[],"_links":{"self":[{"href":"https:\/\/evotek.md\/ro\/wp-json\/wp\/v2\/product\/7257"}],"collection":[{"href":"https:\/\/evotek.md\/ro\/wp-json\/wp\/v2\/product"}],"about":[{"href":"https:\/\/evotek.md\/ro\/wp-json\/wp\/v2\/types\/product"}],"wp:featuredmedia":[{"embeddable":true,"href":"https:\/\/evotek.md\/ro\/wp-json\/wp\/v2\/media\/7252"}],"wp:attachment":[{"href":"https:\/\/evotek.md\/ro\/wp-json\/wp\/v2\/media?parent=7257"}],"curies":[{"name":"wp","href":"https:\/\/api.w.org\/{rel}","templated":true}]}}