{"id":7248,"date":"2020-04-06T11:03:21","date_gmt":"2020-04-06T11:03:21","guid":{"rendered":"https:\/\/evotek.md\/?post_type=product&#038;p=7248"},"modified":"2020-04-06T11:03:21","modified_gmt":"2020-04-06T11:03:21","slug":"cutit-de-bucatarie-130-mm-st-203139","status":"publish","type":"product","link":"https:\/\/evotek.md\/ro\/produse\/accesorii-si-inventar-bucatarie\/cutite-bucatarie\/cutit-de-bucatarie-130-mm-st-203139\/","title":{"rendered":"CU\u021aIT DE BUC\u0102T\u0102RIE 130 mm -ST-203139"},"content":{"rendered":"<p><strong>CU\u021aIT DE BUC\u0102T\u0102RIE 130 mm -ST-203139- <\/strong>Cu\u021bite profesionale de buc\u0103t\u0103rie de calitate european\u0103 pentru hoteluri, restaurante, cafenele \u0219i baruri.<\/p>\n<p>Caracteristici<\/p>\n<p>Lungime: 130 mm<\/p>\n<p>Culoare: negru<\/p>\n<p>Poate fi sp\u0103lat \u00een ma\u0219ina de sp\u0103lat vase.<\/p>\n<p>&nbsp;<\/p>\n<p><strong>\u00a0<\/strong><\/p>\n<p><strong>\u00a0<\/strong><\/p>\n","protected":false},"excerpt":{"rendered":"<p>Cu\u021bit de buc\u0103t\u0103rie 130 mm. Culoare: negru; Poate fi sp\u0103lat \u00een ma\u0219ina de sp\u0103lat vase.<\/p>\n","protected":false},"featured_media":7247,"template":"","meta":[],"_links":{"self":[{"href":"https:\/\/evotek.md\/ro\/wp-json\/wp\/v2\/product\/7248"}],"collection":[{"href":"https:\/\/evotek.md\/ro\/wp-json\/wp\/v2\/product"}],"about":[{"href":"https:\/\/evotek.md\/ro\/wp-json\/wp\/v2\/types\/product"}],"wp:featuredmedia":[{"embeddable":true,"href":"https:\/\/evotek.md\/ro\/wp-json\/wp\/v2\/media\/7247"}],"wp:attachment":[{"href":"https:\/\/evotek.md\/ro\/wp-json\/wp\/v2\/media?parent=7248"}],"curies":[{"name":"wp","href":"https:\/\/api.w.org\/{rel}","templated":true}]}}