{"id":7218,"date":"2020-04-06T10:29:35","date_gmt":"2020-04-06T10:30:16","guid":{"rendered":"https:\/\/evotek.md\/?post_type=product&#038;p=7218"},"modified":"2023-07-07T12:52:43","modified_gmt":"2023-07-07T12:52:43","slug":"cutit-de-bucatarie-160-mm-st-281154","status":"publish","type":"product","link":"https:\/\/evotek.md\/ro\/produse\/accesorii-si-inventar-bucatarie\/cutite-bucatarie\/cutit-de-bucatarie-160-mm-st-281154\/","title":{"rendered":"CU\u021aIT DE BUC\u0102T\u0102RIE 160 mm -ST-281154"},"content":{"rendered":"<p><strong>CU\u021aIT DE BUC\u0102T\u0102RIE 160 mm -ST-281154- <\/strong>Cu\u021bite profesionale de buc\u0103t\u0103rie de calitate european\u0103 pentru hoteluri, restaurante, cafenele \u0219i baruri.<\/p>\n<p>Caracteristici<\/p>\n<p>Lungime: 160 mm<\/p>\n<p>Culoare: albastru<\/p>\n<p>Poate fi sp\u0103lat \u00een ma\u0219ina de sp\u0103lat vase.<\/p>\n<p>&nbsp;<\/p>\n<p>&nbsp;<\/p>\n","protected":false},"excerpt":{"rendered":"<p>Cu\u021bit de buc\u0103t\u0103rie 160 mm. Culoare: albastru; Poate fi sp\u0103lat \u00een ma\u0219ina de sp\u0103lat vase.<\/p>\n","protected":false},"featured_media":7207,"template":"","meta":[],"_links":{"self":[{"href":"https:\/\/evotek.md\/ro\/wp-json\/wp\/v2\/product\/7218"}],"collection":[{"href":"https:\/\/evotek.md\/ro\/wp-json\/wp\/v2\/product"}],"about":[{"href":"https:\/\/evotek.md\/ro\/wp-json\/wp\/v2\/types\/product"}],"wp:featuredmedia":[{"embeddable":true,"href":"https:\/\/evotek.md\/ro\/wp-json\/wp\/v2\/media\/7207"}],"wp:attachment":[{"href":"https:\/\/evotek.md\/ro\/wp-json\/wp\/v2\/media?parent=7218"}],"curies":[{"name":"wp","href":"https:\/\/api.w.org\/{rel}","templated":true}]}}