{"id":7158,"date":"2020-04-06T09:30:35","date_gmt":"2020-04-06T09:30:35","guid":{"rendered":"https:\/\/evotek.md\/?post_type=product&#038;p=7158"},"modified":"2020-04-06T09:30:36","modified_gmt":"2020-04-06T09:30:36","slug":"cutit-pentru-paine-250-mm-st-283256","status":"publish","type":"product","link":"https:\/\/evotek.md\/ro\/produse\/accesorii-si-inventar-bucatarie\/cutite-bucatarie\/cutit-pentru-paine-250-mm-st-283256\/","title":{"rendered":"CU\u021aIT PENTRU P\u00c2INE 250 mm -ST-283256"},"content":{"rendered":"<p><strong>CU\u021aIT PENTRU <\/strong><strong>P\u00c2INE<\/strong> <strong>250 mm -ST-283256- <\/strong>Cu\u021bite profesionale de buc\u0103t\u0103rie de calitate european\u0103 pentru hoteluri, restaurante, cafenele \u0219i baruri.<\/p>\n<p>Caracteristici<\/p>\n<p>Lungime: 250 mm<\/p>\n<p>Culoare: alb<\/p>\n<p>Poate fi sp\u0103lat \u00een ma\u0219ina de sp\u0103lat vase.<\/p>\n<p>&nbsp;<\/p>\n<p>&nbsp;<\/p>\n<p>&nbsp;<\/p>\n","protected":false},"excerpt":{"rendered":"<p>Cu\u021bit pentru p\u00e2ine 250 mm. Culoare: alb; Poate fi sp\u0103lat \u00een ma\u0219ina de sp\u0103lat vase.<\/p>\n","protected":false},"featured_media":7153,"template":"","meta":[],"_links":{"self":[{"href":"https:\/\/evotek.md\/ro\/wp-json\/wp\/v2\/product\/7158"}],"collection":[{"href":"https:\/\/evotek.md\/ro\/wp-json\/wp\/v2\/product"}],"about":[{"href":"https:\/\/evotek.md\/ro\/wp-json\/wp\/v2\/types\/product"}],"wp:featuredmedia":[{"embeddable":true,"href":"https:\/\/evotek.md\/ro\/wp-json\/wp\/v2\/media\/7153"}],"wp:attachment":[{"href":"https:\/\/evotek.md\/ro\/wp-json\/wp\/v2\/media?parent=7158"}],"curies":[{"name":"wp","href":"https:\/\/api.w.org\/{rel}","templated":true}]}}