{"id":7156,"date":"2020-04-06T09:24:58","date_gmt":"2020-04-06T09:24:58","guid":{"rendered":"https:\/\/evotek.md\/?post_type=product&#038;p=7156"},"modified":"2020-04-06T09:25:45","modified_gmt":"2020-04-06T09:25:45","slug":"cutit-pentru-paine-300-mm-st-283306","status":"publish","type":"product","link":"https:\/\/evotek.md\/ro\/produse\/accesorii-si-inventar-bucatarie\/cutite-bucatarie\/cutit-pentru-paine-300-mm-st-283306\/","title":{"rendered":"CU\u021aIT PENTRU P\u00c2INE 300 mm -ST-283306"},"content":{"rendered":"<p><strong>CU\u021aIT PENTRU <\/strong><strong>P\u00c2INE<\/strong> <strong>300 mm -ST-283306- <\/strong>Cu\u021bite profesionale de buc\u0103t\u0103rie de calitate european\u0103 pentru hoteluri, restaurante, cafenele \u0219i baruri.<\/p>\n<p>Caracteristici<\/p>\n<p>Lungime: 300 mm<\/p>\n<p>Culoare: alb, galben<\/p>\n<p>Poate fi sp\u0103lat \u00een ma\u0219ina de sp\u0103lat vase.<\/p>\n<p>&nbsp;<\/p>\n<p>&nbsp;<\/p>\n","protected":false},"excerpt":{"rendered":"<p>Cu\u021bit pentru p\u00e2ine 300 mm. Culoare: alb, galben; Poate fi sp\u0103lat \u00een ma\u0219ina de sp\u0103lat vase.<\/p>\n","protected":false},"featured_media":7153,"template":"","meta":[],"_links":{"self":[{"href":"https:\/\/evotek.md\/ro\/wp-json\/wp\/v2\/product\/7156"}],"collection":[{"href":"https:\/\/evotek.md\/ro\/wp-json\/wp\/v2\/product"}],"about":[{"href":"https:\/\/evotek.md\/ro\/wp-json\/wp\/v2\/types\/product"}],"wp:featuredmedia":[{"embeddable":true,"href":"https:\/\/evotek.md\/ro\/wp-json\/wp\/v2\/media\/7153"}],"wp:attachment":[{"href":"https:\/\/evotek.md\/ro\/wp-json\/wp\/v2\/media?parent=7156"}],"curies":[{"name":"wp","href":"https:\/\/api.w.org\/{rel}","templated":true}]}}