{"id":7142,"date":"2020-04-03T22:10:27","date_gmt":"2020-04-03T22:10:27","guid":{"rendered":"https:\/\/evotek.md\/?post_type=product&#038;p=7142"},"modified":"2020-04-03T22:10:28","modified_gmt":"2020-04-03T22:10:28","slug":"cutit-pentru-peste-300-mm-st-283304","status":"publish","type":"product","link":"https:\/\/evotek.md\/ro\/produse\/accesorii-si-inventar-bucatarie\/cutite-bucatarie\/cutit-pentru-peste-300-mm-st-283304\/","title":{"rendered":"CU\u021aIT PENTRU PE\u0218TE 300 mm -ST-283304"},"content":{"rendered":"<p><strong>CU\u021aIT PENTRU PE\u0218TE 300 mm -ST-<\/strong><strong>283304- <\/strong>Cu\u021bite profesionale de buc\u0103t\u0103rie de calitate european\u0103 pentru hoteluri, restaurante, cafenele \u0219i baruri.<\/p>\n<p>Caracteristici<\/p>\n<p>Lungime: 300 mm<\/p>\n<p>Poate fi sp\u0103lat \u00een ma\u0219ina de sp\u0103lat vase.<\/p>\n<p>&nbsp;<\/p>\n","protected":false},"excerpt":{"rendered":"<p>Cu\u021bit pentru pe\u0219te, albastru 300 mm. Poate fi sp\u0103lat \u00een ma\u0219ina de sp\u0103lat vase.<\/p>\n","protected":false},"featured_media":7141,"template":"","meta":[],"_links":{"self":[{"href":"https:\/\/evotek.md\/ro\/wp-json\/wp\/v2\/product\/7142"}],"collection":[{"href":"https:\/\/evotek.md\/ro\/wp-json\/wp\/v2\/product"}],"about":[{"href":"https:\/\/evotek.md\/ro\/wp-json\/wp\/v2\/types\/product"}],"wp:featuredmedia":[{"embeddable":true,"href":"https:\/\/evotek.md\/ro\/wp-json\/wp\/v2\/media\/7141"}],"wp:attachment":[{"href":"https:\/\/evotek.md\/ro\/wp-json\/wp\/v2\/media?parent=7142"}],"curies":[{"name":"wp","href":"https:\/\/api.w.org\/{rel}","templated":true}]}}