{"id":7127,"date":"2020-04-03T21:50:16","date_gmt":"2020-04-03T21:50:16","guid":{"rendered":"https:\/\/evotek.md\/?post_type=product&#038;p=7127"},"modified":"2020-04-03T21:50:16","modified_gmt":"2020-04-03T21:50:16","slug":"cutit-pentru-curatarea-legumelor-155-%d0%bc%d0%bc-st-334006","status":"publish","type":"product","link":"https:\/\/evotek.md\/ro\/produse\/accesorii-si-inventar-bucatarie\/cutite-bucatarie\/cutit-pentru-curatarea-legumelor-155-%d0%bc%d0%bc-st-334006\/","title":{"rendered":"CU\u021aIT PENTRU CUR\u0102\u021aAREA LEGUMELOR 155 \u043c\u043c -ST-334006"},"content":{"rendered":"<p><strong>CU\u021aIT PENTRU CUR\u0102\u021aAREA LEGUMELOR 155 \u043c\u043c -ST-334006- <\/strong>Cu\u021bite profesionale de buc\u0103t\u0103rie de calitate european\u0103 pentru hoteluri, restaurante, cafenele \u0219i baruri.<\/p>\n<p>Caracteristici<\/p>\n<p>Lungime: 155 mm<\/p>\n<p>Poate fi sp\u0103lat \u00een ma\u0219ina de sp\u0103lat vase<\/p>\n<p>&nbsp;<\/p>\n","protected":false},"excerpt":{"rendered":"<p>Cu\u021bit pentru cur\u0103\u021barea legumelor 155 mm. Poate fi sp\u0103lat \u00een ma\u0219ina de sp\u0103lat vase.<\/p>\n","protected":false},"featured_media":7126,"template":"","meta":[],"_links":{"self":[{"href":"https:\/\/evotek.md\/ro\/wp-json\/wp\/v2\/product\/7127"}],"collection":[{"href":"https:\/\/evotek.md\/ro\/wp-json\/wp\/v2\/product"}],"about":[{"href":"https:\/\/evotek.md\/ro\/wp-json\/wp\/v2\/types\/product"}],"wp:featuredmedia":[{"embeddable":true,"href":"https:\/\/evotek.md\/ro\/wp-json\/wp\/v2\/media\/7126"}],"wp:attachment":[{"href":"https:\/\/evotek.md\/ro\/wp-json\/wp\/v2\/media?parent=7127"}],"curies":[{"name":"wp","href":"https:\/\/api.w.org\/{rel}","templated":true}]}}