{"id":7081,"date":"2020-04-03T21:14:47","date_gmt":"2020-04-03T21:14:47","guid":{"rendered":"https:\/\/evotek.md\/?post_type=product&#038;p=7081"},"modified":"2020-04-03T21:14:47","modified_gmt":"2020-04-03T21:14:47","slug":"cutit-pentru-curatarea-legumelor-90-%d0%bc%d0%bc-st-285082","status":"publish","type":"product","link":"https:\/\/evotek.md\/ro\/produse\/accesorii-si-inventar-bucatarie\/cutite-bucatarie\/cutit-pentru-curatarea-legumelor-90-%d0%bc%d0%bc-st-285082\/","title":{"rendered":"CU\u021aIT PENTRU CUR\u0102\u021aAREA LEGUMELOR 90 \u043c\u043c -ST-285082"},"content":{"rendered":"<p><strong>CU\u021aIT PENTRU CUR\u0102\u021aAREA LEGUMELOR 90 \u043c\u043c -ST-285082- <\/strong>Cu\u021bite profesionale de buc\u0103t\u0103rie de calitate european\u0103 pentru hoteluri, restaurante, cafenele \u0219i baruri.<\/p>\n<p>Caracteristici<\/p>\n<p>Lungime: 90 mm<\/p>\n<p>Culoare: ro\u0219u, verde, galben<\/p>\n<p>Poate fi sp\u0103lat \u00een ma\u0219ina de sp\u0103lat vase<\/p>\n<p>&nbsp;<\/p>\n<p>&nbsp;<\/p>\n","protected":false},"excerpt":{"rendered":"<p>Cu\u021bit pentru cur\u0103\u021barea legumelor 90 mm. Culoare: ro\u0219u, verde, galben; Poate fi sp\u0103lat \u00een ma\u0219ina de sp\u0103lat vase.<\/p>\n","protected":false},"featured_media":7080,"template":"","meta":[],"_links":{"self":[{"href":"https:\/\/evotek.md\/ro\/wp-json\/wp\/v2\/product\/7081"}],"collection":[{"href":"https:\/\/evotek.md\/ro\/wp-json\/wp\/v2\/product"}],"about":[{"href":"https:\/\/evotek.md\/ro\/wp-json\/wp\/v2\/types\/product"}],"wp:featuredmedia":[{"embeddable":true,"href":"https:\/\/evotek.md\/ro\/wp-json\/wp\/v2\/media\/7080"}],"wp:attachment":[{"href":"https:\/\/evotek.md\/ro\/wp-json\/wp\/v2\/media?parent=7081"}],"curies":[{"name":"wp","href":"https:\/\/api.w.org\/{rel}","templated":true}]}}