{"id":7066,"date":"2020-04-03T20:29:48","date_gmt":"2020-04-03T20:29:48","guid":{"rendered":"https:\/\/evotek.md\/?post_type=product&#038;p=7066"},"modified":"2020-04-03T20:29:48","modified_gmt":"2020-04-03T20:29:48","slug":"cutit-pentru-rosii-100-%d0%bc%d0%bc-st-283142","status":"publish","type":"product","link":"https:\/\/evotek.md\/ro\/produse\/accesorii-si-inventar-bucatarie\/cutite-bucatarie\/cutit-pentru-rosii-100-%d0%bc%d0%bc-st-283142\/","title":{"rendered":"CU\u021aIT PENTRU RO\u0218II 100 \u043c\u043c -ST-283142"},"content":{"rendered":"<p><strong>CU\u021aIT PENTRU RO\u0218II 100 \u043c\u043c -ST-283142- <\/strong>Cu\u021bite profesionale de buc\u0103t\u0103rie de calitate european\u0103 pentru hoteluri, restaurante, cafenele \u0219i baruri.<\/p>\n<p>Caracteristici<\/p>\n<p>Lungime: 100 mm<\/p>\n<p>Poate fi sp\u0103lat \u00een ma\u0219ina de sp\u0103lat vase<\/p>\n<p>&nbsp;<\/p>\n","protected":false},"excerpt":{"rendered":"<p>Cu\u021bit pentru ro\u0219ii 100 mm. Poate fi sp\u0103lat \u00een ma\u0219ina de sp\u0103lat vase.<\/p>\n","protected":false},"featured_media":7065,"template":"","meta":[],"_links":{"self":[{"href":"https:\/\/evotek.md\/ro\/wp-json\/wp\/v2\/product\/7066"}],"collection":[{"href":"https:\/\/evotek.md\/ro\/wp-json\/wp\/v2\/product"}],"about":[{"href":"https:\/\/evotek.md\/ro\/wp-json\/wp\/v2\/types\/product"}],"wp:featuredmedia":[{"embeddable":true,"href":"https:\/\/evotek.md\/ro\/wp-json\/wp\/v2\/media\/7065"}],"wp:attachment":[{"href":"https:\/\/evotek.md\/ro\/wp-json\/wp\/v2\/media?parent=7066"}],"curies":[{"name":"wp","href":"https:\/\/api.w.org\/{rel}","templated":true}]}}